{"id":2282,"date":"2022-02-22T15:07:11","date_gmt":"2022-02-22T15:07:11","guid":{"rendered":"https:\/\/geopannel.com\/product\/noisefree\/"},"modified":"2022-10-25T11:07:47","modified_gmt":"2022-10-25T11:07:47","slug":"noisefree","status":"publish","type":"product","link":"https:\/\/geopannel.com\/en\/product\/noisefree\/","title":{"rendered":"NOISEFREE"},"content":{"rendered":"<h3>Test<\/h3>\n<p>Panel aislante ecol\u00f3gico de altas prestaciones t\u00e9rmicas y ac\u00fasticas. Dise\u00f1ado para mantener sus prestaciones durante toda la vida del edificio. Fabricado con poli\u00e9ster reciclado (80%), es un material 100% reciclable con baja huella de carbono. T\u00e9rmica de 0,035 W\/mK. Excelente ac\u00fastica. Excelente comportamiento frente al vapor de agua. Producto hidr\u00f3fobo. Elevada resistencia a tracci\u00f3n y desgarro. No contiene fibras minerales, por lo que no es irritante. Producto ign\u00edfugo. Disponible opcionalmente en colores negro y gris antracita con poli\u00e9ster ign\u00edfugo).<\/p>\n<p>&nbsp;<\/p>\n","protected":false},"excerpt":{"rendered":"<p>Ecological insulation panel with high thermal and acoustic performance, especially suitable for projects with high acoustic requirements and visible solutions. Designed to maintain its performance throughout the life of the building.<\/p>\n<ul>\n<li>Ecological product.<\/li>\n<li>Thermal: 0,037 W\/mK<\/li>\n<li>Excellent impact noise and airborne noise acoustics.<\/li>\n<\/ul>\n","protected":false},"featured_media":1878,"template":"woocommerce\/single-product-construccion.php","meta":{"inline_featured_image":false},"product_cat":[132,133,134,138],"product_types":[142],"yoast_head":"<!-- This site is optimized with the Yoast SEO plugin v22.6 - https:\/\/yoast.com\/wordpress\/plugins\/seo\/ -->\n<title>Paneles aislante t\u00e9rmicos y ac\u00fasticos | Geopannel<\/title>\n<meta name=\"description\" content=\"Paneles aislantes GEOPANNEL. Contamos con paneles aislantes dise\u00f1ados para la absorci\u00f3n ac\u00fastica y t\u00e9rmica. Producto biosostenible y f\u00e1cil de instalar.\" \/>\n<meta name=\"robots\" content=\"noindex, nofollow\" \/>\n<meta property=\"og:locale\" content=\"en_US\" \/>\n<meta property=\"og:type\" content=\"article\" \/>\n<meta property=\"og:title\" content=\"Paneles aislante t\u00e9rmicos y ac\u00fasticos | Geopannel\" \/>\n<meta property=\"og:description\" content=\"Paneles aislantes GEOPANNEL. Contamos con paneles aislantes dise\u00f1ados para la absorci\u00f3n ac\u00fastica y t\u00e9rmica. Producto biosostenible y f\u00e1cil de instalar.\" \/>\n<meta property=\"og:url\" content=\"https:\/\/geopannel.com\/en\/product\/noisefree\/\" \/>\n<meta property=\"og:site_name\" content=\"GeoPannel\" \/>\n<meta property=\"article:modified_time\" content=\"2022-10-25T11:07:47+00:00\" \/>\n<meta property=\"og:image\" content=\"https:\/\/geopannel.com\/wp-content\/uploads\/2022\/02\/NOISEFREE_Nueva.jpeg\" \/>\n\t<meta property=\"og:image:width\" content=\"2500\" \/>\n\t<meta property=\"og:image:height\" content=\"1667\" \/>\n\t<meta property=\"og:image:type\" content=\"image\/jpeg\" \/>\n<meta name=\"twitter:card\" content=\"summary_large_image\" \/>\n<meta name=\"twitter:label1\" content=\"Est. reading time\" \/>\n\t<meta name=\"twitter:data1\" content=\"1 minute\" \/>\n<script type=\"application\/ld+json\" class=\"yoast-schema-graph\">{\"@context\":\"https:\/\/schema.org\",\"@graph\":[{\"@type\":\"WebPage\",\"@id\":\"https:\/\/geopannel.com\/en\/product\/noisefree\/\",\"url\":\"https:\/\/geopannel.com\/en\/product\/noisefree\/\",\"name\":\"Paneles aislante t\u00e9rmicos y ac\u00fasticos | Geopannel\",\"isPartOf\":{\"@id\":\"https:\/\/geopannel.com\/#website\"},\"primaryImageOfPage\":{\"@id\":\"https:\/\/geopannel.com\/en\/product\/noisefree\/#primaryimage\"},\"image\":{\"@id\":\"https:\/\/geopannel.com\/en\/product\/noisefree\/#primaryimage\"},\"thumbnailUrl\":\"https:\/\/geopannel.com\/wp-content\/uploads\/2022\/02\/NOISEFREE_Nueva-e1695122203614.jpeg\",\"datePublished\":\"2022-02-22T15:07:11+00:00\",\"dateModified\":\"2022-10-25T11:07:47+00:00\",\"description\":\"Paneles aislantes GEOPANNEL. Contamos con paneles aislantes dise\u00f1ados para la absorci\u00f3n ac\u00fastica y t\u00e9rmica. Producto biosostenible y f\u00e1cil de instalar.\",\"breadcrumb\":{\"@id\":\"https:\/\/geopannel.com\/en\/product\/noisefree\/#breadcrumb\"},\"inLanguage\":\"en-US\",\"potentialAction\":[{\"@type\":\"ReadAction\",\"target\":[\"https:\/\/geopannel.com\/en\/product\/noisefree\/\"]}]},{\"@type\":\"ImageObject\",\"inLanguage\":\"en-US\",\"@id\":\"https:\/\/geopannel.com\/en\/product\/noisefree\/#primaryimage\",\"url\":\"https:\/\/geopannel.com\/wp-content\/uploads\/2022\/02\/NOISEFREE_Nueva-e1695122203614.jpeg\",\"contentUrl\":\"https:\/\/geopannel.com\/wp-content\/uploads\/2022\/02\/NOISEFREE_Nueva-e1695122203614.jpeg\",\"width\":2500,\"height\":1667},{\"@type\":\"BreadcrumbList\",\"@id\":\"https:\/\/geopannel.com\/en\/product\/noisefree\/#breadcrumb\",\"itemListElement\":[{\"@type\":\"ListItem\",\"position\":1,\"name\":\"Home\",\"item\":\"https:\/\/geopannel.com\/en\/\"},{\"@type\":\"ListItem\",\"position\":2,\"name\":\"Shop\",\"item\":\"https:\/\/geopannel.com\/en\/shop\/\"},{\"@type\":\"ListItem\",\"position\":3,\"name\":\"NOISEFREE\"}]},{\"@type\":\"WebSite\",\"@id\":\"https:\/\/geopannel.com\/#website\",\"url\":\"https:\/\/geopannel.com\/\",\"name\":\"GeoPannel\",\"description\":\"Empresa ubicada en Logro\u00f1o (La Rioja), Espa\u00f1a, dedicada al desarrollo y fabricaci\u00f3n de tejidos no tejidos y fieltros.\",\"publisher\":{\"@id\":\"https:\/\/geopannel.com\/#organization\"},\"potentialAction\":[{\"@type\":\"SearchAction\",\"target\":{\"@type\":\"EntryPoint\",\"urlTemplate\":\"https:\/\/geopannel.com\/?s={search_term_string}\"},\"query-input\":\"required name=search_term_string\"}],\"inLanguage\":\"en-US\"},{\"@type\":\"Organization\",\"@id\":\"https:\/\/geopannel.com\/#organization\",\"name\":\"GeoPannel\",\"url\":\"https:\/\/geopannel.com\/\",\"logo\":{\"@type\":\"ImageObject\",\"inLanguage\":\"en-US\",\"@id\":\"https:\/\/geopannel.com\/#\/schema\/logo\/image\/\",\"url\":\"https:\/\/geopannel.com\/wp-content\/uploads\/2021\/12\/logo.svg\",\"contentUrl\":\"https:\/\/geopannel.com\/wp-content\/uploads\/2021\/12\/logo.svg\",\"width\":188,\"height\":74,\"caption\":\"GeoPannel\"},\"image\":{\"@id\":\"https:\/\/geopannel.com\/#\/schema\/logo\/image\/\"}}]}<\/script>\n<!-- \/ Yoast SEO plugin. -->","yoast_head_json":{"title":"Paneles aislante t\u00e9rmicos y ac\u00fasticos | Geopannel","description":"Paneles aislantes GEOPANNEL. Contamos con paneles aislantes dise\u00f1ados para la absorci\u00f3n ac\u00fastica y t\u00e9rmica. Producto biosostenible y f\u00e1cil de instalar.","robots":{"index":"noindex","follow":"nofollow"},"og_locale":"en_US","og_type":"article","og_title":"Paneles aislante t\u00e9rmicos y ac\u00fasticos | Geopannel","og_description":"Paneles aislantes GEOPANNEL. Contamos con paneles aislantes dise\u00f1ados para la absorci\u00f3n ac\u00fastica y t\u00e9rmica. Producto biosostenible y f\u00e1cil de instalar.","og_url":"https:\/\/geopannel.com\/en\/product\/noisefree\/","og_site_name":"GeoPannel","article_modified_time":"2022-10-25T11:07:47+00:00","og_image":[{"width":2500,"height":1667,"url":"https:\/\/geopannel.com\/wp-content\/uploads\/2022\/02\/NOISEFREE_Nueva.jpeg","type":"image\/jpeg"}],"twitter_card":"summary_large_image","twitter_misc":{"Est. reading time":"1 minute"},"schema":{"@context":"https:\/\/schema.org","@graph":[{"@type":"WebPage","@id":"https:\/\/geopannel.com\/en\/product\/noisefree\/","url":"https:\/\/geopannel.com\/en\/product\/noisefree\/","name":"Paneles aislante t\u00e9rmicos y ac\u00fasticos | Geopannel","isPartOf":{"@id":"https:\/\/geopannel.com\/#website"},"primaryImageOfPage":{"@id":"https:\/\/geopannel.com\/en\/product\/noisefree\/#primaryimage"},"image":{"@id":"https:\/\/geopannel.com\/en\/product\/noisefree\/#primaryimage"},"thumbnailUrl":"https:\/\/geopannel.com\/wp-content\/uploads\/2022\/02\/NOISEFREE_Nueva-e1695122203614.jpeg","datePublished":"2022-02-22T15:07:11+00:00","dateModified":"2022-10-25T11:07:47+00:00","description":"Paneles aislantes GEOPANNEL. Contamos con paneles aislantes dise\u00f1ados para la absorci\u00f3n ac\u00fastica y t\u00e9rmica. Producto biosostenible y f\u00e1cil de instalar.","breadcrumb":{"@id":"https:\/\/geopannel.com\/en\/product\/noisefree\/#breadcrumb"},"inLanguage":"en-US","potentialAction":[{"@type":"ReadAction","target":["https:\/\/geopannel.com\/en\/product\/noisefree\/"]}]},{"@type":"ImageObject","inLanguage":"en-US","@id":"https:\/\/geopannel.com\/en\/product\/noisefree\/#primaryimage","url":"https:\/\/geopannel.com\/wp-content\/uploads\/2022\/02\/NOISEFREE_Nueva-e1695122203614.jpeg","contentUrl":"https:\/\/geopannel.com\/wp-content\/uploads\/2022\/02\/NOISEFREE_Nueva-e1695122203614.jpeg","width":2500,"height":1667},{"@type":"BreadcrumbList","@id":"https:\/\/geopannel.com\/en\/product\/noisefree\/#breadcrumb","itemListElement":[{"@type":"ListItem","position":1,"name":"Home","item":"https:\/\/geopannel.com\/en\/"},{"@type":"ListItem","position":2,"name":"Shop","item":"https:\/\/geopannel.com\/en\/shop\/"},{"@type":"ListItem","position":3,"name":"NOISEFREE"}]},{"@type":"WebSite","@id":"https:\/\/geopannel.com\/#website","url":"https:\/\/geopannel.com\/","name":"GeoPannel","description":"Empresa ubicada en Logro\u00f1o (La Rioja), Espa\u00f1a, dedicada al desarrollo y fabricaci\u00f3n de tejidos no tejidos y fieltros.","publisher":{"@id":"https:\/\/geopannel.com\/#organization"},"potentialAction":[{"@type":"SearchAction","target":{"@type":"EntryPoint","urlTemplate":"https:\/\/geopannel.com\/?s={search_term_string}"},"query-input":"required name=search_term_string"}],"inLanguage":"en-US"},{"@type":"Organization","@id":"https:\/\/geopannel.com\/#organization","name":"GeoPannel","url":"https:\/\/geopannel.com\/","logo":{"@type":"ImageObject","inLanguage":"en-US","@id":"https:\/\/geopannel.com\/#\/schema\/logo\/image\/","url":"https:\/\/geopannel.com\/wp-content\/uploads\/2021\/12\/logo.svg","contentUrl":"https:\/\/geopannel.com\/wp-content\/uploads\/2021\/12\/logo.svg","width":188,"height":74,"caption":"GeoPannel"},"image":{"@id":"https:\/\/geopannel.com\/#\/schema\/logo\/image\/"}}]}},"_links":{"self":[{"href":"https:\/\/geopannel.com\/en\/wp-json\/wp\/v2\/product\/2282"}],"collection":[{"href":"https:\/\/geopannel.com\/en\/wp-json\/wp\/v2\/product"}],"about":[{"href":"https:\/\/geopannel.com\/en\/wp-json\/wp\/v2\/types\/product"}],"wp:featuredmedia":[{"embeddable":true,"href":"https:\/\/geopannel.com\/en\/wp-json\/wp\/v2\/media\/1878"}],"wp:attachment":[{"href":"https:\/\/geopannel.com\/en\/wp-json\/wp\/v2\/media?parent=2282"}],"wp:term":[{"taxonomy":"product_cat","embeddable":true,"href":"https:\/\/geopannel.com\/en\/wp-json\/wp\/v2\/product_cat?post=2282"},{"taxonomy":"product_types","embeddable":true,"href":"https:\/\/geopannel.com\/en\/wp-json\/wp\/v2\/product_types?post=2282"}],"curies":[{"name":"wp","href":"https:\/\/api.w.org\/{rel}","templated":true}]}}