{"id":2181,"date":"2022-02-22T14:56:41","date_gmt":"2022-02-22T14:56:41","guid":{"rendered":"https:\/\/geopannel.com\/tecnica\/tehnica-of-auto-draft\/"},"modified":"2022-10-25T11:06:55","modified_gmt":"2022-10-25T11:06:55","slug":"inpat","status":"publish","type":"product","link":"https:\/\/geopannel.com\/en\/product\/inpat\/","title":{"rendered":"INPAT"},"content":{"rendered":"<h3>Test<\/h3>\n<p>L\u00e1mina de impacto ecol\u00f3gica de altas prestaciones t\u00e9rmicas y ac\u00fasticas. Dise\u00f1ado para mantener sus prestaciones durante toda la vida del edificio. Fabricado con algod\u00f3n reciclado (80%), es un material 100% reciclable con baja huella de carbono. T\u00e9rmica de 0,031 W\/mK. Excelente ac\u00fastica, tanto a ruido a\u00e9reo como a ruido de impacto. Excelente comportamiento frente al vapor de agua. Producto hidr\u00f3fobo. Elevada resistencia a tracci\u00f3n y desgarro. No contiene fibras minerales, por lo que no es irritante. Excelentes resultados en emisi\u00f3n de Compuestos Org\u00e1nicos Vol\u00e1tiles (COVs).<\/p>\n<p>&nbsp;<\/p>\n","protected":false},"excerpt":{"rendered":"<p>Ecological impact insulation with high thermal and acoustic performance. Designed to maintain its performance throughout the life of the building.<\/p>\n<ul>\n<li>Ecological product.<\/li>\n<li>Thermal: 0,031 W\/mK<\/li>\n<li>Excellent impact noise and airborne noise acoustics.<\/li>\n<\/ul>\n","protected":false},"featured_media":1875,"template":"woocommerce\/single-product-construccion.php","meta":{"inline_featured_image":false},"product_cat":[132,133,134,138],"product_types":[140],"yoast_head":"<!-- This site is optimized with the Yoast SEO plugin v22.6 - https:\/\/yoast.com\/wordpress\/plugins\/seo\/ -->\n<title>Inpat: L\u00e1minas y paneles ac\u00fasticos ecol\u00f3gicos | Geopannel<\/title>\n<meta name=\"description\" content=\"Proyecto dedicado a la fabricaci\u00f3n de l\u00e1minas y paneles orientados al aislamiento ac\u00fastico y t\u00e9rmico , de f\u00e1cil instalaci\u00f3n y 100% reciclable.\" \/>\n<meta name=\"robots\" content=\"noindex, nofollow\" \/>\n<meta property=\"og:locale\" content=\"en_US\" \/>\n<meta property=\"og:type\" content=\"article\" \/>\n<meta property=\"og:title\" content=\"Inpat: L\u00e1minas y paneles ac\u00fasticos ecol\u00f3gicos | Geopannel\" \/>\n<meta property=\"og:description\" content=\"Proyecto dedicado a la fabricaci\u00f3n de l\u00e1minas y paneles orientados al aislamiento ac\u00fastico y t\u00e9rmico , de f\u00e1cil instalaci\u00f3n y 100% reciclable.\" \/>\n<meta property=\"og:url\" content=\"https:\/\/geopannel.com\/en\/product\/inpat\/\" \/>\n<meta property=\"og:site_name\" content=\"GeoPannel\" \/>\n<meta property=\"article:modified_time\" content=\"2022-10-25T11:06:55+00:00\" \/>\n<meta property=\"og:image\" content=\"https:\/\/geopannel.com\/wp-content\/uploads\/2022\/02\/INPAT-1-e1651824949619.jpg\" \/>\n\t<meta property=\"og:image:width\" content=\"600\" \/>\n\t<meta property=\"og:image:height\" content=\"900\" \/>\n\t<meta property=\"og:image:type\" content=\"image\/jpeg\" \/>\n<meta name=\"twitter:card\" content=\"summary_large_image\" \/>\n<meta name=\"twitter:label1\" content=\"Est. reading time\" \/>\n\t<meta name=\"twitter:data1\" content=\"1 minute\" \/>\n<script type=\"application\/ld+json\" class=\"yoast-schema-graph\">{\"@context\":\"https:\/\/schema.org\",\"@graph\":[{\"@type\":\"WebPage\",\"@id\":\"https:\/\/geopannel.com\/en\/product\/inpat\/\",\"url\":\"https:\/\/geopannel.com\/en\/product\/inpat\/\",\"name\":\"Inpat: L\u00e1minas y paneles ac\u00fasticos ecol\u00f3gicos | Geopannel\",\"isPartOf\":{\"@id\":\"https:\/\/geopannel.com\/#website\"},\"primaryImageOfPage\":{\"@id\":\"https:\/\/geopannel.com\/en\/product\/inpat\/#primaryimage\"},\"image\":{\"@id\":\"https:\/\/geopannel.com\/en\/product\/inpat\/#primaryimage\"},\"thumbnailUrl\":\"https:\/\/geopannel.com\/wp-content\/uploads\/2022\/02\/INPAT-1-e1651824949619.jpg\",\"datePublished\":\"2022-02-22T14:56:41+00:00\",\"dateModified\":\"2022-10-25T11:06:55+00:00\",\"description\":\"Proyecto dedicado a la fabricaci\u00f3n de l\u00e1minas y paneles orientados al aislamiento ac\u00fastico y t\u00e9rmico , de f\u00e1cil instalaci\u00f3n y 100% reciclable.\",\"breadcrumb\":{\"@id\":\"https:\/\/geopannel.com\/en\/product\/inpat\/#breadcrumb\"},\"inLanguage\":\"en-US\",\"potentialAction\":[{\"@type\":\"ReadAction\",\"target\":[\"https:\/\/geopannel.com\/en\/product\/inpat\/\"]}]},{\"@type\":\"ImageObject\",\"inLanguage\":\"en-US\",\"@id\":\"https:\/\/geopannel.com\/en\/product\/inpat\/#primaryimage\",\"url\":\"https:\/\/geopannel.com\/wp-content\/uploads\/2022\/02\/INPAT-1-e1651824949619.jpg\",\"contentUrl\":\"https:\/\/geopannel.com\/wp-content\/uploads\/2022\/02\/INPAT-1-e1651824949619.jpg\",\"width\":600,\"height\":900},{\"@type\":\"BreadcrumbList\",\"@id\":\"https:\/\/geopannel.com\/en\/product\/inpat\/#breadcrumb\",\"itemListElement\":[{\"@type\":\"ListItem\",\"position\":1,\"name\":\"Home\",\"item\":\"https:\/\/geopannel.com\/en\/\"},{\"@type\":\"ListItem\",\"position\":2,\"name\":\"Shop\",\"item\":\"https:\/\/geopannel.com\/en\/shop\/\"},{\"@type\":\"ListItem\",\"position\":3,\"name\":\"INPAT\"}]},{\"@type\":\"WebSite\",\"@id\":\"https:\/\/geopannel.com\/#website\",\"url\":\"https:\/\/geopannel.com\/\",\"name\":\"GeoPannel\",\"description\":\"Empresa ubicada en Logro\u00f1o (La Rioja), Espa\u00f1a, dedicada al desarrollo y fabricaci\u00f3n de tejidos no tejidos y fieltros.\",\"publisher\":{\"@id\":\"https:\/\/geopannel.com\/#organization\"},\"potentialAction\":[{\"@type\":\"SearchAction\",\"target\":{\"@type\":\"EntryPoint\",\"urlTemplate\":\"https:\/\/geopannel.com\/?s={search_term_string}\"},\"query-input\":\"required name=search_term_string\"}],\"inLanguage\":\"en-US\"},{\"@type\":\"Organization\",\"@id\":\"https:\/\/geopannel.com\/#organization\",\"name\":\"GeoPannel\",\"url\":\"https:\/\/geopannel.com\/\",\"logo\":{\"@type\":\"ImageObject\",\"inLanguage\":\"en-US\",\"@id\":\"https:\/\/geopannel.com\/#\/schema\/logo\/image\/\",\"url\":\"https:\/\/geopannel.com\/wp-content\/uploads\/2021\/12\/logo.svg\",\"contentUrl\":\"https:\/\/geopannel.com\/wp-content\/uploads\/2021\/12\/logo.svg\",\"width\":188,\"height\":74,\"caption\":\"GeoPannel\"},\"image\":{\"@id\":\"https:\/\/geopannel.com\/#\/schema\/logo\/image\/\"}}]}<\/script>\n<!-- \/ Yoast SEO plugin. -->","yoast_head_json":{"title":"Inpat: L\u00e1minas y paneles ac\u00fasticos ecol\u00f3gicos | Geopannel","description":"Proyecto dedicado a la fabricaci\u00f3n de l\u00e1minas y paneles orientados al aislamiento ac\u00fastico y t\u00e9rmico , de f\u00e1cil instalaci\u00f3n y 100% reciclable.","robots":{"index":"noindex","follow":"nofollow"},"og_locale":"en_US","og_type":"article","og_title":"Inpat: L\u00e1minas y paneles ac\u00fasticos ecol\u00f3gicos | Geopannel","og_description":"Proyecto dedicado a la fabricaci\u00f3n de l\u00e1minas y paneles orientados al aislamiento ac\u00fastico y t\u00e9rmico , de f\u00e1cil instalaci\u00f3n y 100% reciclable.","og_url":"https:\/\/geopannel.com\/en\/product\/inpat\/","og_site_name":"GeoPannel","article_modified_time":"2022-10-25T11:06:55+00:00","og_image":[{"width":600,"height":900,"url":"https:\/\/geopannel.com\/wp-content\/uploads\/2022\/02\/INPAT-1-e1651824949619.jpg","type":"image\/jpeg"}],"twitter_card":"summary_large_image","twitter_misc":{"Est. reading time":"1 minute"},"schema":{"@context":"https:\/\/schema.org","@graph":[{"@type":"WebPage","@id":"https:\/\/geopannel.com\/en\/product\/inpat\/","url":"https:\/\/geopannel.com\/en\/product\/inpat\/","name":"Inpat: L\u00e1minas y paneles ac\u00fasticos ecol\u00f3gicos | Geopannel","isPartOf":{"@id":"https:\/\/geopannel.com\/#website"},"primaryImageOfPage":{"@id":"https:\/\/geopannel.com\/en\/product\/inpat\/#primaryimage"},"image":{"@id":"https:\/\/geopannel.com\/en\/product\/inpat\/#primaryimage"},"thumbnailUrl":"https:\/\/geopannel.com\/wp-content\/uploads\/2022\/02\/INPAT-1-e1651824949619.jpg","datePublished":"2022-02-22T14:56:41+00:00","dateModified":"2022-10-25T11:06:55+00:00","description":"Proyecto dedicado a la fabricaci\u00f3n de l\u00e1minas y paneles orientados al aislamiento ac\u00fastico y t\u00e9rmico , de f\u00e1cil instalaci\u00f3n y 100% reciclable.","breadcrumb":{"@id":"https:\/\/geopannel.com\/en\/product\/inpat\/#breadcrumb"},"inLanguage":"en-US","potentialAction":[{"@type":"ReadAction","target":["https:\/\/geopannel.com\/en\/product\/inpat\/"]}]},{"@type":"ImageObject","inLanguage":"en-US","@id":"https:\/\/geopannel.com\/en\/product\/inpat\/#primaryimage","url":"https:\/\/geopannel.com\/wp-content\/uploads\/2022\/02\/INPAT-1-e1651824949619.jpg","contentUrl":"https:\/\/geopannel.com\/wp-content\/uploads\/2022\/02\/INPAT-1-e1651824949619.jpg","width":600,"height":900},{"@type":"BreadcrumbList","@id":"https:\/\/geopannel.com\/en\/product\/inpat\/#breadcrumb","itemListElement":[{"@type":"ListItem","position":1,"name":"Home","item":"https:\/\/geopannel.com\/en\/"},{"@type":"ListItem","position":2,"name":"Shop","item":"https:\/\/geopannel.com\/en\/shop\/"},{"@type":"ListItem","position":3,"name":"INPAT"}]},{"@type":"WebSite","@id":"https:\/\/geopannel.com\/#website","url":"https:\/\/geopannel.com\/","name":"GeoPannel","description":"Empresa ubicada en Logro\u00f1o (La Rioja), Espa\u00f1a, dedicada al desarrollo y fabricaci\u00f3n de tejidos no tejidos y fieltros.","publisher":{"@id":"https:\/\/geopannel.com\/#organization"},"potentialAction":[{"@type":"SearchAction","target":{"@type":"EntryPoint","urlTemplate":"https:\/\/geopannel.com\/?s={search_term_string}"},"query-input":"required name=search_term_string"}],"inLanguage":"en-US"},{"@type":"Organization","@id":"https:\/\/geopannel.com\/#organization","name":"GeoPannel","url":"https:\/\/geopannel.com\/","logo":{"@type":"ImageObject","inLanguage":"en-US","@id":"https:\/\/geopannel.com\/#\/schema\/logo\/image\/","url":"https:\/\/geopannel.com\/wp-content\/uploads\/2021\/12\/logo.svg","contentUrl":"https:\/\/geopannel.com\/wp-content\/uploads\/2021\/12\/logo.svg","width":188,"height":74,"caption":"GeoPannel"},"image":{"@id":"https:\/\/geopannel.com\/#\/schema\/logo\/image\/"}}]}},"_links":{"self":[{"href":"https:\/\/geopannel.com\/en\/wp-json\/wp\/v2\/product\/2181"}],"collection":[{"href":"https:\/\/geopannel.com\/en\/wp-json\/wp\/v2\/product"}],"about":[{"href":"https:\/\/geopannel.com\/en\/wp-json\/wp\/v2\/types\/product"}],"wp:featuredmedia":[{"embeddable":true,"href":"https:\/\/geopannel.com\/en\/wp-json\/wp\/v2\/media\/1875"}],"wp:attachment":[{"href":"https:\/\/geopannel.com\/en\/wp-json\/wp\/v2\/media?parent=2181"}],"wp:term":[{"taxonomy":"product_cat","embeddable":true,"href":"https:\/\/geopannel.com\/en\/wp-json\/wp\/v2\/product_cat?post=2181"},{"taxonomy":"product_types","embeddable":true,"href":"https:\/\/geopannel.com\/en\/wp-json\/wp\/v2\/product_types?post=2181"}],"curies":[{"name":"wp","href":"https:\/\/api.w.org\/{rel}","templated":true}]}}