{"id":2172,"date":"2022-02-22T14:26:02","date_gmt":"2022-02-22T14:26:02","guid":{"rendered":"https:\/\/geopannel.com\/product\/plus-fr2\/"},"modified":"2022-10-25T11:05:45","modified_gmt":"2022-10-25T11:05:45","slug":"plus-fr2","status":"publish","type":"product","link":"https:\/\/geopannel.com\/en\/product\/plus-fr2\/","title":{"rendered":"PLUS FR2"},"content":{"rendered":"<h3>Test<\/h3>\n<p>Panel aislante ecol\u00f3gico de altas prestaciones t\u00e9rmicas y ac\u00fasticas. Dise\u00f1ado para mantener sus prestaciones durante toda la vida del edificio. Fabricado con algod\u00f3n reciclado (80%), es un material 100% reciclable con baja huella de carbono. T\u00e9rmica de 0,032 W\/mK. Excelente ac\u00fastica. Excelente comportamiento frente al vapor de agua. Producto hidr\u00f3fobo. Elevada resistencia a tracci\u00f3n y desgarro. No contiene fibras minerales, por lo que no es irritante. Incluye doble tratamiento ign\u00edfugo.<\/p>\n<p>&nbsp;<\/p>\n","protected":false},"excerpt":{"rendered":"<p>Ecological insulating panel with high thermal and acoustic performance with double fireproof treatment, especially suitable for wall cladding, fa\u00e7ade insulation, acoustic ceilings and roofs. Designed to maintain its performance throughout the life of the building.<\/p>\n<ul>\n<li>Ecological product.<\/li>\n<li>Thermal: 0,032 W\/mK<\/li>\n<li>Excellent acoustics.<\/li>\n<li>Includes double flame retardant treatment.<\/li>\n<\/ul>\n","protected":false},"featured_media":1874,"template":"woocommerce\/single-product-construccion.php","meta":{"inline_featured_image":false},"product_cat":[132,133,134,138],"product_types":[139],"yoast_head":"<!-- This site is optimized with the Yoast SEO plugin v22.6 - https:\/\/yoast.com\/wordpress\/plugins\/seo\/ -->\n<title>Paneles aislante t\u00e9rmicos y ac\u00fasticos | Geopannel<\/title>\n<meta name=\"description\" content=\"Paneles aislantes GEOPANNEL. Contamos con paneles aislantes dise\u00f1ados para la absorci\u00f3n ac\u00fastica y t\u00e9rmica. Producto biosostenible y f\u00e1cil de instalar.\" \/>\n<meta name=\"robots\" content=\"noindex, nofollow\" \/>\n<meta property=\"og:locale\" content=\"en_US\" \/>\n<meta property=\"og:type\" content=\"article\" \/>\n<meta property=\"og:title\" content=\"Paneles aislante t\u00e9rmicos y ac\u00fasticos | Geopannel\" \/>\n<meta property=\"og:description\" content=\"Paneles aislantes GEOPANNEL. Contamos con paneles aislantes dise\u00f1ados para la absorci\u00f3n ac\u00fastica y t\u00e9rmica. Producto biosostenible y f\u00e1cil de instalar.\" \/>\n<meta property=\"og:url\" content=\"https:\/\/geopannel.com\/en\/product\/plus-fr2\/\" \/>\n<meta property=\"og:site_name\" content=\"GeoPannel\" \/>\n<meta property=\"article:modified_time\" content=\"2022-10-25T11:05:45+00:00\" \/>\n<meta property=\"og:image\" content=\"https:\/\/geopannel.com\/wp-content\/uploads\/2022\/02\/PLUS_FR2_Rev.jpg\" \/>\n\t<meta property=\"og:image:width\" content=\"2500\" \/>\n\t<meta property=\"og:image:height\" content=\"1667\" \/>\n\t<meta property=\"og:image:type\" content=\"image\/jpeg\" \/>\n<meta name=\"twitter:card\" content=\"summary_large_image\" \/>\n<meta name=\"twitter:label1\" content=\"Est. reading time\" \/>\n\t<meta name=\"twitter:data1\" content=\"1 minute\" \/>\n<script type=\"application\/ld+json\" class=\"yoast-schema-graph\">{\"@context\":\"https:\/\/schema.org\",\"@graph\":[{\"@type\":\"WebPage\",\"@id\":\"https:\/\/geopannel.com\/en\/product\/plus-fr2\/\",\"url\":\"https:\/\/geopannel.com\/en\/product\/plus-fr2\/\",\"name\":\"Paneles aislante t\u00e9rmicos y ac\u00fasticos | Geopannel\",\"isPartOf\":{\"@id\":\"https:\/\/geopannel.com\/#website\"},\"primaryImageOfPage\":{\"@id\":\"https:\/\/geopannel.com\/en\/product\/plus-fr2\/#primaryimage\"},\"image\":{\"@id\":\"https:\/\/geopannel.com\/en\/product\/plus-fr2\/#primaryimage\"},\"thumbnailUrl\":\"https:\/\/geopannel.com\/wp-content\/uploads\/2022\/02\/PLUS_FR2_Rev.jpg\",\"datePublished\":\"2022-02-22T14:26:02+00:00\",\"dateModified\":\"2022-10-25T11:05:45+00:00\",\"description\":\"Paneles aislantes GEOPANNEL. Contamos con paneles aislantes dise\u00f1ados para la absorci\u00f3n ac\u00fastica y t\u00e9rmica. Producto biosostenible y f\u00e1cil de instalar.\",\"breadcrumb\":{\"@id\":\"https:\/\/geopannel.com\/en\/product\/plus-fr2\/#breadcrumb\"},\"inLanguage\":\"en-US\",\"potentialAction\":[{\"@type\":\"ReadAction\",\"target\":[\"https:\/\/geopannel.com\/en\/product\/plus-fr2\/\"]}]},{\"@type\":\"ImageObject\",\"inLanguage\":\"en-US\",\"@id\":\"https:\/\/geopannel.com\/en\/product\/plus-fr2\/#primaryimage\",\"url\":\"https:\/\/geopannel.com\/wp-content\/uploads\/2022\/02\/PLUS_FR2_Rev.jpg\",\"contentUrl\":\"https:\/\/geopannel.com\/wp-content\/uploads\/2022\/02\/PLUS_FR2_Rev.jpg\",\"width\":2500,\"height\":1667},{\"@type\":\"BreadcrumbList\",\"@id\":\"https:\/\/geopannel.com\/en\/product\/plus-fr2\/#breadcrumb\",\"itemListElement\":[{\"@type\":\"ListItem\",\"position\":1,\"name\":\"Home\",\"item\":\"https:\/\/geopannel.com\/en\/\"},{\"@type\":\"ListItem\",\"position\":2,\"name\":\"Shop\",\"item\":\"https:\/\/geopannel.com\/en\/shop\/\"},{\"@type\":\"ListItem\",\"position\":3,\"name\":\"PLUS FR2\"}]},{\"@type\":\"WebSite\",\"@id\":\"https:\/\/geopannel.com\/#website\",\"url\":\"https:\/\/geopannel.com\/\",\"name\":\"GeoPannel\",\"description\":\"Empresa ubicada en Logro\u00f1o (La Rioja), Espa\u00f1a, dedicada al desarrollo y fabricaci\u00f3n de tejidos no tejidos y fieltros.\",\"publisher\":{\"@id\":\"https:\/\/geopannel.com\/#organization\"},\"potentialAction\":[{\"@type\":\"SearchAction\",\"target\":{\"@type\":\"EntryPoint\",\"urlTemplate\":\"https:\/\/geopannel.com\/?s={search_term_string}\"},\"query-input\":\"required name=search_term_string\"}],\"inLanguage\":\"en-US\"},{\"@type\":\"Organization\",\"@id\":\"https:\/\/geopannel.com\/#organization\",\"name\":\"GeoPannel\",\"url\":\"https:\/\/geopannel.com\/\",\"logo\":{\"@type\":\"ImageObject\",\"inLanguage\":\"en-US\",\"@id\":\"https:\/\/geopannel.com\/#\/schema\/logo\/image\/\",\"url\":\"https:\/\/geopannel.com\/wp-content\/uploads\/2021\/12\/logo.svg\",\"contentUrl\":\"https:\/\/geopannel.com\/wp-content\/uploads\/2021\/12\/logo.svg\",\"width\":188,\"height\":74,\"caption\":\"GeoPannel\"},\"image\":{\"@id\":\"https:\/\/geopannel.com\/#\/schema\/logo\/image\/\"}}]}<\/script>\n<!-- \/ Yoast SEO plugin. -->","yoast_head_json":{"title":"Paneles aislante t\u00e9rmicos y ac\u00fasticos | Geopannel","description":"Paneles aislantes GEOPANNEL. Contamos con paneles aislantes dise\u00f1ados para la absorci\u00f3n ac\u00fastica y t\u00e9rmica. Producto biosostenible y f\u00e1cil de instalar.","robots":{"index":"noindex","follow":"nofollow"},"og_locale":"en_US","og_type":"article","og_title":"Paneles aislante t\u00e9rmicos y ac\u00fasticos | Geopannel","og_description":"Paneles aislantes GEOPANNEL. Contamos con paneles aislantes dise\u00f1ados para la absorci\u00f3n ac\u00fastica y t\u00e9rmica. Producto biosostenible y f\u00e1cil de instalar.","og_url":"https:\/\/geopannel.com\/en\/product\/plus-fr2\/","og_site_name":"GeoPannel","article_modified_time":"2022-10-25T11:05:45+00:00","og_image":[{"width":2500,"height":1667,"url":"https:\/\/geopannel.com\/wp-content\/uploads\/2022\/02\/PLUS_FR2_Rev.jpg","type":"image\/jpeg"}],"twitter_card":"summary_large_image","twitter_misc":{"Est. reading time":"1 minute"},"schema":{"@context":"https:\/\/schema.org","@graph":[{"@type":"WebPage","@id":"https:\/\/geopannel.com\/en\/product\/plus-fr2\/","url":"https:\/\/geopannel.com\/en\/product\/plus-fr2\/","name":"Paneles aislante t\u00e9rmicos y ac\u00fasticos | Geopannel","isPartOf":{"@id":"https:\/\/geopannel.com\/#website"},"primaryImageOfPage":{"@id":"https:\/\/geopannel.com\/en\/product\/plus-fr2\/#primaryimage"},"image":{"@id":"https:\/\/geopannel.com\/en\/product\/plus-fr2\/#primaryimage"},"thumbnailUrl":"https:\/\/geopannel.com\/wp-content\/uploads\/2022\/02\/PLUS_FR2_Rev.jpg","datePublished":"2022-02-22T14:26:02+00:00","dateModified":"2022-10-25T11:05:45+00:00","description":"Paneles aislantes GEOPANNEL. Contamos con paneles aislantes dise\u00f1ados para la absorci\u00f3n ac\u00fastica y t\u00e9rmica. Producto biosostenible y f\u00e1cil de instalar.","breadcrumb":{"@id":"https:\/\/geopannel.com\/en\/product\/plus-fr2\/#breadcrumb"},"inLanguage":"en-US","potentialAction":[{"@type":"ReadAction","target":["https:\/\/geopannel.com\/en\/product\/plus-fr2\/"]}]},{"@type":"ImageObject","inLanguage":"en-US","@id":"https:\/\/geopannel.com\/en\/product\/plus-fr2\/#primaryimage","url":"https:\/\/geopannel.com\/wp-content\/uploads\/2022\/02\/PLUS_FR2_Rev.jpg","contentUrl":"https:\/\/geopannel.com\/wp-content\/uploads\/2022\/02\/PLUS_FR2_Rev.jpg","width":2500,"height":1667},{"@type":"BreadcrumbList","@id":"https:\/\/geopannel.com\/en\/product\/plus-fr2\/#breadcrumb","itemListElement":[{"@type":"ListItem","position":1,"name":"Home","item":"https:\/\/geopannel.com\/en\/"},{"@type":"ListItem","position":2,"name":"Shop","item":"https:\/\/geopannel.com\/en\/shop\/"},{"@type":"ListItem","position":3,"name":"PLUS FR2"}]},{"@type":"WebSite","@id":"https:\/\/geopannel.com\/#website","url":"https:\/\/geopannel.com\/","name":"GeoPannel","description":"Empresa ubicada en Logro\u00f1o (La Rioja), Espa\u00f1a, dedicada al desarrollo y fabricaci\u00f3n de tejidos no tejidos y fieltros.","publisher":{"@id":"https:\/\/geopannel.com\/#organization"},"potentialAction":[{"@type":"SearchAction","target":{"@type":"EntryPoint","urlTemplate":"https:\/\/geopannel.com\/?s={search_term_string}"},"query-input":"required name=search_term_string"}],"inLanguage":"en-US"},{"@type":"Organization","@id":"https:\/\/geopannel.com\/#organization","name":"GeoPannel","url":"https:\/\/geopannel.com\/","logo":{"@type":"ImageObject","inLanguage":"en-US","@id":"https:\/\/geopannel.com\/#\/schema\/logo\/image\/","url":"https:\/\/geopannel.com\/wp-content\/uploads\/2021\/12\/logo.svg","contentUrl":"https:\/\/geopannel.com\/wp-content\/uploads\/2021\/12\/logo.svg","width":188,"height":74,"caption":"GeoPannel"},"image":{"@id":"https:\/\/geopannel.com\/#\/schema\/logo\/image\/"}}]}},"_links":{"self":[{"href":"https:\/\/geopannel.com\/en\/wp-json\/wp\/v2\/product\/2172"}],"collection":[{"href":"https:\/\/geopannel.com\/en\/wp-json\/wp\/v2\/product"}],"about":[{"href":"https:\/\/geopannel.com\/en\/wp-json\/wp\/v2\/types\/product"}],"wp:featuredmedia":[{"embeddable":true,"href":"https:\/\/geopannel.com\/en\/wp-json\/wp\/v2\/media\/1874"}],"wp:attachment":[{"href":"https:\/\/geopannel.com\/en\/wp-json\/wp\/v2\/media?parent=2172"}],"wp:term":[{"taxonomy":"product_cat","embeddable":true,"href":"https:\/\/geopannel.com\/en\/wp-json\/wp\/v2\/product_cat?post=2172"},{"taxonomy":"product_types","embeddable":true,"href":"https:\/\/geopannel.com\/en\/wp-json\/wp\/v2\/product_types?post=2172"}],"curies":[{"name":"wp","href":"https:\/\/api.w.org\/{rel}","templated":true}]}}