{"id":2161,"date":"2022-02-22T11:22:10","date_gmt":"2022-02-22T11:22:10","guid":{"rendered":"https:\/\/geopannel.com\/product\/pyl-2-0-al\/"},"modified":"2022-10-25T11:04:10","modified_gmt":"2022-10-25T11:04:10","slug":"pyl-2-0-al","status":"publish","type":"product","link":"https:\/\/geopannel.com\/en\/product\/pyl-2-0-al\/","title":{"rendered":"PYL 2.0 Al"},"content":{"rendered":"<h3>Test<\/h3>\n<p>Ecological insulating panel with high thermal and acoustic performance, especially suitable for wall cladding and partitions. Designed to mantain its performance throughout the life of the building. Manufactured with 80% recycled textile fibres + 20% thermofusible fibres (polyester). Ecological insulation, 100% recyclable, with a low carbon footprint. Thermal 0,034 W\/mK. Excellent acoustics in the main construction solutions. Optimum thermal performance. High tensile and tear strength. Contains no mineral fibres and is therefore non-irritating. Excellent results in Volatile Organic Compounds (VOCs) emissions.<\/p>\n<p>&nbsp;<\/p>\n","protected":false},"excerpt":{"rendered":"<p>Ecological insulating panel with high thermal and acoustic performance, laminated in aluminium with low emissivity (one side), especially suitable for wall cladding and roofs. Designed to mantain its performance throughout the life of the building.<\/p>\n<ul>\n<li>Ecological product.<\/li>\n<li>Thermal: 0,034 W\/mK.<\/li>\n<li>Includes a low emissivity aluminium vapour barrier on one side.<\/li>\n<\/ul>\n","protected":false},"featured_media":1870,"template":"woocommerce\/single-product-construccion.php","meta":{"inline_featured_image":false},"product_cat":[132,133,134,138],"product_types":[139],"yoast_head":"<!-- This site is optimized with the Yoast SEO plugin v22.6 - https:\/\/yoast.com\/wordpress\/plugins\/seo\/ -->\n<title>Paneles aislante t\u00e9rmicos y ac\u00fasticos | Geopannel<\/title>\n<meta name=\"description\" content=\"Paneles aislantes GEOPANNEL. Contamos con paneles aislantes dise\u00f1ados para la absorci\u00f3n ac\u00fastica y t\u00e9rmica. Producto biosostenible y f\u00e1cil de instalar.\" \/>\n<meta name=\"robots\" content=\"noindex, nofollow\" \/>\n<meta property=\"og:locale\" content=\"en_US\" \/>\n<meta property=\"og:type\" content=\"article\" \/>\n<meta property=\"og:title\" content=\"Paneles aislante t\u00e9rmicos y ac\u00fasticos | Geopannel\" \/>\n<meta property=\"og:description\" content=\"Paneles aislantes GEOPANNEL. Contamos con paneles aislantes dise\u00f1ados para la absorci\u00f3n ac\u00fastica y t\u00e9rmica. Producto biosostenible y f\u00e1cil de instalar.\" \/>\n<meta property=\"og:url\" content=\"https:\/\/geopannel.com\/en\/product\/pyl-2-0-al\/\" \/>\n<meta property=\"og:site_name\" content=\"GeoPannel\" \/>\n<meta property=\"article:modified_time\" content=\"2022-10-25T11:04:10+00:00\" \/>\n<meta property=\"og:image\" content=\"https:\/\/geopannel.com\/wp-content\/uploads\/2022\/02\/PYL_20-AL_Rev.jpg\" \/>\n\t<meta property=\"og:image:width\" content=\"2500\" \/>\n\t<meta property=\"og:image:height\" content=\"1667\" \/>\n\t<meta property=\"og:image:type\" content=\"image\/jpeg\" \/>\n<meta name=\"twitter:card\" content=\"summary_large_image\" \/>\n<meta name=\"twitter:label1\" content=\"Est. reading time\" \/>\n\t<meta name=\"twitter:data1\" content=\"1 minute\" \/>\n<script type=\"application\/ld+json\" class=\"yoast-schema-graph\">{\"@context\":\"https:\/\/schema.org\",\"@graph\":[{\"@type\":\"WebPage\",\"@id\":\"https:\/\/geopannel.com\/en\/product\/pyl-2-0-al\/\",\"url\":\"https:\/\/geopannel.com\/en\/product\/pyl-2-0-al\/\",\"name\":\"Paneles aislante t\u00e9rmicos y ac\u00fasticos | Geopannel\",\"isPartOf\":{\"@id\":\"https:\/\/geopannel.com\/#website\"},\"primaryImageOfPage\":{\"@id\":\"https:\/\/geopannel.com\/en\/product\/pyl-2-0-al\/#primaryimage\"},\"image\":{\"@id\":\"https:\/\/geopannel.com\/en\/product\/pyl-2-0-al\/#primaryimage\"},\"thumbnailUrl\":\"https:\/\/geopannel.com\/wp-content\/uploads\/2022\/02\/PYL_20-AL_Rev.jpg\",\"datePublished\":\"2022-02-22T11:22:10+00:00\",\"dateModified\":\"2022-10-25T11:04:10+00:00\",\"description\":\"Paneles aislantes GEOPANNEL. Contamos con paneles aislantes dise\u00f1ados para la absorci\u00f3n ac\u00fastica y t\u00e9rmica. Producto biosostenible y f\u00e1cil de instalar.\",\"breadcrumb\":{\"@id\":\"https:\/\/geopannel.com\/en\/product\/pyl-2-0-al\/#breadcrumb\"},\"inLanguage\":\"en-US\",\"potentialAction\":[{\"@type\":\"ReadAction\",\"target\":[\"https:\/\/geopannel.com\/en\/product\/pyl-2-0-al\/\"]}]},{\"@type\":\"ImageObject\",\"inLanguage\":\"en-US\",\"@id\":\"https:\/\/geopannel.com\/en\/product\/pyl-2-0-al\/#primaryimage\",\"url\":\"https:\/\/geopannel.com\/wp-content\/uploads\/2022\/02\/PYL_20-AL_Rev.jpg\",\"contentUrl\":\"https:\/\/geopannel.com\/wp-content\/uploads\/2022\/02\/PYL_20-AL_Rev.jpg\",\"width\":2500,\"height\":1667},{\"@type\":\"BreadcrumbList\",\"@id\":\"https:\/\/geopannel.com\/en\/product\/pyl-2-0-al\/#breadcrumb\",\"itemListElement\":[{\"@type\":\"ListItem\",\"position\":1,\"name\":\"Home\",\"item\":\"https:\/\/geopannel.com\/en\/\"},{\"@type\":\"ListItem\",\"position\":2,\"name\":\"Shop\",\"item\":\"https:\/\/geopannel.com\/en\/shop\/\"},{\"@type\":\"ListItem\",\"position\":3,\"name\":\"PYL 2.0 Al\"}]},{\"@type\":\"WebSite\",\"@id\":\"https:\/\/geopannel.com\/#website\",\"url\":\"https:\/\/geopannel.com\/\",\"name\":\"GeoPannel\",\"description\":\"Empresa ubicada en Logro\u00f1o (La Rioja), Espa\u00f1a, dedicada al desarrollo y fabricaci\u00f3n de tejidos no tejidos y fieltros.\",\"publisher\":{\"@id\":\"https:\/\/geopannel.com\/#organization\"},\"potentialAction\":[{\"@type\":\"SearchAction\",\"target\":{\"@type\":\"EntryPoint\",\"urlTemplate\":\"https:\/\/geopannel.com\/?s={search_term_string}\"},\"query-input\":\"required name=search_term_string\"}],\"inLanguage\":\"en-US\"},{\"@type\":\"Organization\",\"@id\":\"https:\/\/geopannel.com\/#organization\",\"name\":\"GeoPannel\",\"url\":\"https:\/\/geopannel.com\/\",\"logo\":{\"@type\":\"ImageObject\",\"inLanguage\":\"en-US\",\"@id\":\"https:\/\/geopannel.com\/#\/schema\/logo\/image\/\",\"url\":\"https:\/\/geopannel.com\/wp-content\/uploads\/2021\/12\/logo.svg\",\"contentUrl\":\"https:\/\/geopannel.com\/wp-content\/uploads\/2021\/12\/logo.svg\",\"width\":188,\"height\":74,\"caption\":\"GeoPannel\"},\"image\":{\"@id\":\"https:\/\/geopannel.com\/#\/schema\/logo\/image\/\"}}]}<\/script>\n<!-- \/ Yoast SEO plugin. -->","yoast_head_json":{"title":"Paneles aislante t\u00e9rmicos y ac\u00fasticos | Geopannel","description":"Paneles aislantes GEOPANNEL. Contamos con paneles aislantes dise\u00f1ados para la absorci\u00f3n ac\u00fastica y t\u00e9rmica. Producto biosostenible y f\u00e1cil de instalar.","robots":{"index":"noindex","follow":"nofollow"},"og_locale":"en_US","og_type":"article","og_title":"Paneles aislante t\u00e9rmicos y ac\u00fasticos | Geopannel","og_description":"Paneles aislantes GEOPANNEL. Contamos con paneles aislantes dise\u00f1ados para la absorci\u00f3n ac\u00fastica y t\u00e9rmica. Producto biosostenible y f\u00e1cil de instalar.","og_url":"https:\/\/geopannel.com\/en\/product\/pyl-2-0-al\/","og_site_name":"GeoPannel","article_modified_time":"2022-10-25T11:04:10+00:00","og_image":[{"width":2500,"height":1667,"url":"https:\/\/geopannel.com\/wp-content\/uploads\/2022\/02\/PYL_20-AL_Rev.jpg","type":"image\/jpeg"}],"twitter_card":"summary_large_image","twitter_misc":{"Est. reading time":"1 minute"},"schema":{"@context":"https:\/\/schema.org","@graph":[{"@type":"WebPage","@id":"https:\/\/geopannel.com\/en\/product\/pyl-2-0-al\/","url":"https:\/\/geopannel.com\/en\/product\/pyl-2-0-al\/","name":"Paneles aislante t\u00e9rmicos y ac\u00fasticos | Geopannel","isPartOf":{"@id":"https:\/\/geopannel.com\/#website"},"primaryImageOfPage":{"@id":"https:\/\/geopannel.com\/en\/product\/pyl-2-0-al\/#primaryimage"},"image":{"@id":"https:\/\/geopannel.com\/en\/product\/pyl-2-0-al\/#primaryimage"},"thumbnailUrl":"https:\/\/geopannel.com\/wp-content\/uploads\/2022\/02\/PYL_20-AL_Rev.jpg","datePublished":"2022-02-22T11:22:10+00:00","dateModified":"2022-10-25T11:04:10+00:00","description":"Paneles aislantes GEOPANNEL. Contamos con paneles aislantes dise\u00f1ados para la absorci\u00f3n ac\u00fastica y t\u00e9rmica. Producto biosostenible y f\u00e1cil de instalar.","breadcrumb":{"@id":"https:\/\/geopannel.com\/en\/product\/pyl-2-0-al\/#breadcrumb"},"inLanguage":"en-US","potentialAction":[{"@type":"ReadAction","target":["https:\/\/geopannel.com\/en\/product\/pyl-2-0-al\/"]}]},{"@type":"ImageObject","inLanguage":"en-US","@id":"https:\/\/geopannel.com\/en\/product\/pyl-2-0-al\/#primaryimage","url":"https:\/\/geopannel.com\/wp-content\/uploads\/2022\/02\/PYL_20-AL_Rev.jpg","contentUrl":"https:\/\/geopannel.com\/wp-content\/uploads\/2022\/02\/PYL_20-AL_Rev.jpg","width":2500,"height":1667},{"@type":"BreadcrumbList","@id":"https:\/\/geopannel.com\/en\/product\/pyl-2-0-al\/#breadcrumb","itemListElement":[{"@type":"ListItem","position":1,"name":"Home","item":"https:\/\/geopannel.com\/en\/"},{"@type":"ListItem","position":2,"name":"Shop","item":"https:\/\/geopannel.com\/en\/shop\/"},{"@type":"ListItem","position":3,"name":"PYL 2.0 Al"}]},{"@type":"WebSite","@id":"https:\/\/geopannel.com\/#website","url":"https:\/\/geopannel.com\/","name":"GeoPannel","description":"Empresa ubicada en Logro\u00f1o (La Rioja), Espa\u00f1a, dedicada al desarrollo y fabricaci\u00f3n de tejidos no tejidos y fieltros.","publisher":{"@id":"https:\/\/geopannel.com\/#organization"},"potentialAction":[{"@type":"SearchAction","target":{"@type":"EntryPoint","urlTemplate":"https:\/\/geopannel.com\/?s={search_term_string}"},"query-input":"required name=search_term_string"}],"inLanguage":"en-US"},{"@type":"Organization","@id":"https:\/\/geopannel.com\/#organization","name":"GeoPannel","url":"https:\/\/geopannel.com\/","logo":{"@type":"ImageObject","inLanguage":"en-US","@id":"https:\/\/geopannel.com\/#\/schema\/logo\/image\/","url":"https:\/\/geopannel.com\/wp-content\/uploads\/2021\/12\/logo.svg","contentUrl":"https:\/\/geopannel.com\/wp-content\/uploads\/2021\/12\/logo.svg","width":188,"height":74,"caption":"GeoPannel"},"image":{"@id":"https:\/\/geopannel.com\/#\/schema\/logo\/image\/"}}]}},"_links":{"self":[{"href":"https:\/\/geopannel.com\/en\/wp-json\/wp\/v2\/product\/2161"}],"collection":[{"href":"https:\/\/geopannel.com\/en\/wp-json\/wp\/v2\/product"}],"about":[{"href":"https:\/\/geopannel.com\/en\/wp-json\/wp\/v2\/types\/product"}],"wp:featuredmedia":[{"embeddable":true,"href":"https:\/\/geopannel.com\/en\/wp-json\/wp\/v2\/media\/1870"}],"wp:attachment":[{"href":"https:\/\/geopannel.com\/en\/wp-json\/wp\/v2\/media?parent=2161"}],"wp:term":[{"taxonomy":"product_cat","embeddable":true,"href":"https:\/\/geopannel.com\/en\/wp-json\/wp\/v2\/product_cat?post=2161"},{"taxonomy":"product_types","embeddable":true,"href":"https:\/\/geopannel.com\/en\/wp-json\/wp\/v2\/product_types?post=2161"}],"curies":[{"name":"wp","href":"https:\/\/api.w.org\/{rel}","templated":true}]}}