{"id":1979,"date":"2022-02-24T16:17:52","date_gmt":"2022-02-24T16:17:52","guid":{"rendered":"https:\/\/geopannel.com\/product\/7-1-ffp2\/"},"modified":"2022-08-11T07:20:54","modified_gmt":"2022-08-11T07:20:54","slug":"mascarilla-geomask-7-1-ffp2","status":"publish","type":"product","link":"https:\/\/geopannel.com\/en\/product\/fpp2-white-mask\/","title":{"rendered":"7.1. FFP2"},"content":{"rendered":"<h3>Test<\/h3>\n<p>&#8220;Textile mask, made of polypropylene and polyester with 7 layers of non-woven, aluminium nose clip for sealing in the upper part of the face and two soft elastic bands, designed for the comfort of the user, for adjustment on the head and optionally on the neck.&#8221;<\/p>\n<p>&nbsp;<\/p>\n","protected":false},"excerpt":{"rendered":"<p>Textile mask, made of polypropylene and polyester with 7 layers of non-woven, aluminium nose clip for sealing in the upper part of the face and two soft elastic bands, designed for the comfort of the user, for adjustment on the head and optionally on the neck.<\/p>\n","protected":false},"featured_media":1733,"template":"","meta":{"inline_featured_image":false},"product_cat":[133,134],"product_types":[141],"yoast_head":"<!-- This site is optimized with the Yoast SEO plugin v22.6 - https:\/\/yoast.com\/wordpress\/plugins\/seo\/ -->\n<title>Comprar mascarillas FPP2 blancas | Fabricadas en Espa\u00f1a | Geopannel<\/title>\n<meta name=\"description\" content=\"White FPP2 masks manufactured in Spain. We are a textile company located in Logro\u00f1o. We manufacture masks to protect you from covid-19.\" \/>\n<meta name=\"robots\" content=\"index, follow, max-snippet:-1, max-image-preview:large, max-video-preview:-1\" \/>\n<link rel=\"canonical\" href=\"https:\/\/geopannel.com\/en\/product\/fpp2-white-mask\/\" \/>\n<meta property=\"og:locale\" content=\"en_US\" \/>\n<meta property=\"og:type\" content=\"article\" \/>\n<meta property=\"og:title\" content=\"Comprar mascarillas FPP2 blancas | Fabricadas en Espa\u00f1a | Geopannel\" \/>\n<meta property=\"og:description\" content=\"White FPP2 masks manufactured in Spain. We are a textile company located in Logro\u00f1o. We manufacture masks to protect you from covid-19.\" \/>\n<meta property=\"og:url\" content=\"https:\/\/geopannel.com\/en\/product\/fpp2-white-mask\/\" \/>\n<meta property=\"og:site_name\" content=\"GeoPannel\" \/>\n<meta property=\"article:modified_time\" content=\"2022-08-11T07:20:54+00:00\" \/>\n<meta property=\"og:image\" content=\"https:\/\/geopannel.com\/wp-content\/uploads\/2022\/02\/Geomask-7.1.-FFP2.png\" \/>\n\t<meta property=\"og:image:width\" content=\"584\" \/>\n\t<meta property=\"og:image:height\" content=\"362\" \/>\n\t<meta property=\"og:image:type\" content=\"image\/png\" \/>\n<meta name=\"twitter:card\" content=\"summary_large_image\" \/>\n<meta name=\"twitter:label1\" content=\"Est. reading time\" \/>\n\t<meta name=\"twitter:data1\" content=\"1 minute\" \/>\n<script type=\"application\/ld+json\" class=\"yoast-schema-graph\">{\"@context\":\"https:\/\/schema.org\",\"@graph\":[{\"@type\":\"WebPage\",\"@id\":\"https:\/\/geopannel.com\/en\/product\/fpp2-white-mask\/\",\"url\":\"https:\/\/geopannel.com\/en\/product\/fpp2-white-mask\/\",\"name\":\"Comprar mascarillas FPP2 blancas | Fabricadas en Espa\u00f1a | Geopannel\",\"isPartOf\":{\"@id\":\"https:\/\/geopannel.com\/#website\"},\"primaryImageOfPage\":{\"@id\":\"https:\/\/geopannel.com\/en\/product\/fpp2-white-mask\/#primaryimage\"},\"image\":{\"@id\":\"https:\/\/geopannel.com\/en\/product\/fpp2-white-mask\/#primaryimage\"},\"thumbnailUrl\":\"https:\/\/geopannel.com\/wp-content\/uploads\/2022\/02\/Geomask-7.1.-FFP2.png\",\"datePublished\":\"2022-02-24T16:17:52+00:00\",\"dateModified\":\"2022-08-11T07:20:54+00:00\",\"description\":\"White FPP2 masks manufactured in Spain. We are a textile company located in Logro\u00f1o. We manufacture masks to protect you from covid-19.\",\"breadcrumb\":{\"@id\":\"https:\/\/geopannel.com\/en\/product\/fpp2-white-mask\/#breadcrumb\"},\"inLanguage\":\"en-US\",\"potentialAction\":[{\"@type\":\"ReadAction\",\"target\":[\"https:\/\/geopannel.com\/en\/product\/fpp2-white-mask\/\"]}]},{\"@type\":\"ImageObject\",\"inLanguage\":\"en-US\",\"@id\":\"https:\/\/geopannel.com\/en\/product\/fpp2-white-mask\/#primaryimage\",\"url\":\"https:\/\/geopannel.com\/wp-content\/uploads\/2022\/02\/Geomask-7.1.-FFP2.png\",\"contentUrl\":\"https:\/\/geopannel.com\/wp-content\/uploads\/2022\/02\/Geomask-7.1.-FFP2.png\",\"width\":584,\"height\":362},{\"@type\":\"BreadcrumbList\",\"@id\":\"https:\/\/geopannel.com\/en\/product\/fpp2-white-mask\/#breadcrumb\",\"itemListElement\":[{\"@type\":\"ListItem\",\"position\":1,\"name\":\"Home\",\"item\":\"https:\/\/geopannel.com\/en\/\"},{\"@type\":\"ListItem\",\"position\":2,\"name\":\"Shop\",\"item\":\"https:\/\/geopannel.com\/en\/shop\/\"},{\"@type\":\"ListItem\",\"position\":3,\"name\":\"7.1. FFP2\"}]},{\"@type\":\"WebSite\",\"@id\":\"https:\/\/geopannel.com\/#website\",\"url\":\"https:\/\/geopannel.com\/\",\"name\":\"GeoPannel\",\"description\":\"Empresa ubicada en Logro\u00f1o (La Rioja), Espa\u00f1a, dedicada al desarrollo y fabricaci\u00f3n de tejidos no tejidos y fieltros.\",\"publisher\":{\"@id\":\"https:\/\/geopannel.com\/#organization\"},\"potentialAction\":[{\"@type\":\"SearchAction\",\"target\":{\"@type\":\"EntryPoint\",\"urlTemplate\":\"https:\/\/geopannel.com\/?s={search_term_string}\"},\"query-input\":\"required name=search_term_string\"}],\"inLanguage\":\"en-US\"},{\"@type\":\"Organization\",\"@id\":\"https:\/\/geopannel.com\/#organization\",\"name\":\"GeoPannel\",\"url\":\"https:\/\/geopannel.com\/\",\"logo\":{\"@type\":\"ImageObject\",\"inLanguage\":\"en-US\",\"@id\":\"https:\/\/geopannel.com\/#\/schema\/logo\/image\/\",\"url\":\"https:\/\/geopannel.com\/wp-content\/uploads\/2021\/12\/logo.svg\",\"contentUrl\":\"https:\/\/geopannel.com\/wp-content\/uploads\/2021\/12\/logo.svg\",\"width\":188,\"height\":74,\"caption\":\"GeoPannel\"},\"image\":{\"@id\":\"https:\/\/geopannel.com\/#\/schema\/logo\/image\/\"}}]}<\/script>\n<!-- \/ Yoast SEO plugin. -->","yoast_head_json":{"title":"Comprar mascarillas FPP2 blancas | Fabricadas en Espa\u00f1a | Geopannel","description":"White FPP2 masks manufactured in Spain. We are a textile company located in Logro\u00f1o. We manufacture masks to protect you from covid-19.","robots":{"index":"index","follow":"follow","max-snippet":"max-snippet:-1","max-image-preview":"max-image-preview:large","max-video-preview":"max-video-preview:-1"},"canonical":"https:\/\/geopannel.com\/en\/product\/fpp2-white-mask\/","og_locale":"en_US","og_type":"article","og_title":"Comprar mascarillas FPP2 blancas | Fabricadas en Espa\u00f1a | Geopannel","og_description":"White FPP2 masks manufactured in Spain. We are a textile company located in Logro\u00f1o. We manufacture masks to protect you from covid-19.","og_url":"https:\/\/geopannel.com\/en\/product\/fpp2-white-mask\/","og_site_name":"GeoPannel","article_modified_time":"2022-08-11T07:20:54+00:00","og_image":[{"width":584,"height":362,"url":"https:\/\/geopannel.com\/wp-content\/uploads\/2022\/02\/Geomask-7.1.-FFP2.png","type":"image\/png"}],"twitter_card":"summary_large_image","twitter_misc":{"Est. reading time":"1 minute"},"schema":{"@context":"https:\/\/schema.org","@graph":[{"@type":"WebPage","@id":"https:\/\/geopannel.com\/en\/product\/fpp2-white-mask\/","url":"https:\/\/geopannel.com\/en\/product\/fpp2-white-mask\/","name":"Comprar mascarillas FPP2 blancas | Fabricadas en Espa\u00f1a | Geopannel","isPartOf":{"@id":"https:\/\/geopannel.com\/#website"},"primaryImageOfPage":{"@id":"https:\/\/geopannel.com\/en\/product\/fpp2-white-mask\/#primaryimage"},"image":{"@id":"https:\/\/geopannel.com\/en\/product\/fpp2-white-mask\/#primaryimage"},"thumbnailUrl":"https:\/\/geopannel.com\/wp-content\/uploads\/2022\/02\/Geomask-7.1.-FFP2.png","datePublished":"2022-02-24T16:17:52+00:00","dateModified":"2022-08-11T07:20:54+00:00","description":"White FPP2 masks manufactured in Spain. We are a textile company located in Logro\u00f1o. We manufacture masks to protect you from covid-19.","breadcrumb":{"@id":"https:\/\/geopannel.com\/en\/product\/fpp2-white-mask\/#breadcrumb"},"inLanguage":"en-US","potentialAction":[{"@type":"ReadAction","target":["https:\/\/geopannel.com\/en\/product\/fpp2-white-mask\/"]}]},{"@type":"ImageObject","inLanguage":"en-US","@id":"https:\/\/geopannel.com\/en\/product\/fpp2-white-mask\/#primaryimage","url":"https:\/\/geopannel.com\/wp-content\/uploads\/2022\/02\/Geomask-7.1.-FFP2.png","contentUrl":"https:\/\/geopannel.com\/wp-content\/uploads\/2022\/02\/Geomask-7.1.-FFP2.png","width":584,"height":362},{"@type":"BreadcrumbList","@id":"https:\/\/geopannel.com\/en\/product\/fpp2-white-mask\/#breadcrumb","itemListElement":[{"@type":"ListItem","position":1,"name":"Home","item":"https:\/\/geopannel.com\/en\/"},{"@type":"ListItem","position":2,"name":"Shop","item":"https:\/\/geopannel.com\/en\/shop\/"},{"@type":"ListItem","position":3,"name":"7.1. FFP2"}]},{"@type":"WebSite","@id":"https:\/\/geopannel.com\/#website","url":"https:\/\/geopannel.com\/","name":"GeoPannel","description":"Empresa ubicada en Logro\u00f1o (La Rioja), Espa\u00f1a, dedicada al desarrollo y fabricaci\u00f3n de tejidos no tejidos y fieltros.","publisher":{"@id":"https:\/\/geopannel.com\/#organization"},"potentialAction":[{"@type":"SearchAction","target":{"@type":"EntryPoint","urlTemplate":"https:\/\/geopannel.com\/?s={search_term_string}"},"query-input":"required name=search_term_string"}],"inLanguage":"en-US"},{"@type":"Organization","@id":"https:\/\/geopannel.com\/#organization","name":"GeoPannel","url":"https:\/\/geopannel.com\/","logo":{"@type":"ImageObject","inLanguage":"en-US","@id":"https:\/\/geopannel.com\/#\/schema\/logo\/image\/","url":"https:\/\/geopannel.com\/wp-content\/uploads\/2021\/12\/logo.svg","contentUrl":"https:\/\/geopannel.com\/wp-content\/uploads\/2021\/12\/logo.svg","width":188,"height":74,"caption":"GeoPannel"},"image":{"@id":"https:\/\/geopannel.com\/#\/schema\/logo\/image\/"}}]}},"_links":{"self":[{"href":"https:\/\/geopannel.com\/en\/wp-json\/wp\/v2\/product\/1979"}],"collection":[{"href":"https:\/\/geopannel.com\/en\/wp-json\/wp\/v2\/product"}],"about":[{"href":"https:\/\/geopannel.com\/en\/wp-json\/wp\/v2\/types\/product"}],"wp:featuredmedia":[{"embeddable":true,"href":"https:\/\/geopannel.com\/en\/wp-json\/wp\/v2\/media\/1733"}],"wp:attachment":[{"href":"https:\/\/geopannel.com\/en\/wp-json\/wp\/v2\/media?parent=1979"}],"wp:term":[{"taxonomy":"product_cat","embeddable":true,"href":"https:\/\/geopannel.com\/en\/wp-json\/wp\/v2\/product_cat?post=1979"},{"taxonomy":"product_types","embeddable":true,"href":"https:\/\/geopannel.com\/en\/wp-json\/wp\/v2\/product_types?post=1979"}],"curies":[{"name":"wp","href":"https:\/\/api.w.org\/{rel}","templated":true}]}}