{"id":2544,"date":"2022-01-04T20:08:53","date_gmt":"2022-01-04T20:08:53","guid":{"rendered":"https:\/\/geopannel.com\/registration\/"},"modified":"2022-08-01T08:45:59","modified_gmt":"2022-08-01T08:45:59","slug":"registration","status":"publish","type":"page","link":"https:\/\/geopannel.com\/en\/registration\/","title":{"rendered":"Registration"},"content":{"rendered":"\n<div class=\"um um-register um-299\">\n\t<div class=\"um-form\" data-mode=\"register\">\n\t\t<form method=\"post\" action=\"\">\n\t\t\t<div class=\"um-row _um_row_1 \" style=\"margin: 0 0 30px 0;\"><div class=\"um-col-1\"><div  id=\"um_field_299_user_login\" class=\"um-field um-field-text  um-field-user_login um-field-text um-field-type_text\" data-key=\"user_login\"><div class=\"um-field-label\"><label for=\"user_login-299\">Username<\/label><div class=\"um-clear\"><\/div><\/div><div class=\"um-field-area\"><input  autocomplete=\"off\" class=\"um-form-field valid \" type=\"text\" name=\"user_login-299\" id=\"user_login-299\" value=\"\" placeholder=\"\" data-validate=\"unique_username\" data-key=\"user_login\"  aria-invalid=\"false\" \/>\n\n\t\t\t\t\t\t<\/div><\/div><div  id=\"um_field_299_first_name\" class=\"um-field um-field-text  um-field-first_name um-field-text um-field-type_text\" data-key=\"first_name\"><div class=\"um-field-label\"><label for=\"first_name-299\">First Name<\/label><div class=\"um-clear\"><\/div><\/div><div class=\"um-field-area\"><input  autocomplete=\"off\" class=\"um-form-field valid \" type=\"text\" name=\"first_name-299\" id=\"first_name-299\" value=\"\" placeholder=\"\" data-validate=\"\" data-key=\"first_name\"  aria-invalid=\"false\" \/>\n\n\t\t\t\t\t\t<\/div><\/div><div  id=\"um_field_299_last_name\" class=\"um-field um-field-text  um-field-last_name um-field-text um-field-type_text\" data-key=\"last_name\"><div class=\"um-field-label\"><label for=\"last_name-299\">Last Name<\/label><div class=\"um-clear\"><\/div><\/div><div class=\"um-field-area\"><input  autocomplete=\"off\" class=\"um-form-field valid \" type=\"text\" name=\"last_name-299\" id=\"last_name-299\" value=\"\" placeholder=\"\" data-validate=\"\" data-key=\"last_name\"  aria-invalid=\"false\" \/>\n\n\t\t\t\t\t\t<\/div><\/div><div  id=\"um_field_299_user_email\" class=\"um-field um-field-text  um-field-user_email um-field-text um-field-type_text\" data-key=\"user_email\"><div class=\"um-field-label\"><label for=\"user_email-299\">E-mail Address<\/label><div class=\"um-clear\"><\/div><\/div><div class=\"um-field-area\"><input  autocomplete=\"off\" class=\"um-form-field valid \" type=\"text\" name=\"user_email-299\" id=\"user_email-299\" value=\"\" placeholder=\"\" data-validate=\"unique_email\" data-key=\"user_email\"  aria-invalid=\"false\" \/>\n\n\t\t\t\t\t\t<\/div><\/div><div  id=\"um_field_299_user_password\" class=\"um-field um-field-password  um-field-user_password um-field-password um-field-type_password\" data-key=\"user_password\"><div class=\"um-field-label\"><label for=\"user_password-299\">Password<\/label><div class=\"um-clear\"><\/div><\/div><div class=\"um-field-area\"><input class=\"um-form-field valid \" type=\"password\" name=\"user_password-299\" id=\"user_password-299\" value=\"\" placeholder=\"\" data-validate=\"\" data-key=\"user_password\"  aria-invalid=\"false\" \/>\n\n\t\t\t\t\t\t\t<\/div><\/div><div  id=\"um_field_299_confirm_user_password\" class=\"um-field um-field-password  um-field-user_password um-field-password um-field-type_password\" data-key=\"confirm_user_password\"><div class=\"um-field-label\"><label for=\"confirm_user_password-299\">Confirm Password<\/label><div class=\"um-clear\"><\/div><\/div><div class=\"um-field-area\"><input class=\"um-form-field valid \" type=\"password\" name=\"confirm_user_password-299\" id=\"confirm_user_password-299\" value=\"\" placeholder=\"Confirm Password\" data-validate=\"\" data-key=\"confirm_user_password\"  aria-invalid=\"false\" \/><\/div><\/div><\/div><\/div>\t\t<input type=\"hidden\" name=\"form_id\" id=\"form_id_299\" value=\"299\" \/>\n\t\n\t<p class=\"um_request_name\">\n\t\t<label for=\"um_request_299\">Only fill in if you are not human<\/label>\n\t\t<input type=\"hidden\" name=\"um_request\" id=\"um_request_299\" class=\"input\" value=\"\" size=\"25\" autocomplete=\"off\" \/>\n\t<\/p>\n\n\t<input type=\"hidden\" id=\"_wpnonce\" name=\"_wpnonce\" value=\"81b55991c4\" \/><input type=\"hidden\" name=\"_wp_http_referer\" value=\"\/en\/wp-json\/wp\/v2\/pages\/2544\" \/>\n<div class=\"um-field\">\n\t<div class=\"g-recaptcha\" id=\"um-299\" data-type=\"image\" data-size=\"normal\" data-theme=\"light\" data-sitekey=\"6Lfksk4iAAAAAJje3hbd4w0BrSsIeIJo6XsLVDst\"><\/div>\n<\/div>\n\n\n<script type=\"text\/javascript\">\n\t\n\t\tvar onloadCallback = function () {\n\t\t\tjQuery('.g-recaptcha').each( function (i) {\n\t\t\t\tgrecaptcha.render( jQuery(this).attr('id'), {\n\t\t\t\t\t'sitekey': jQuery(this).attr('data-sitekey'),\n\t\t\t\t\t'theme': jQuery(this).attr('data-theme')\n\t\t\t\t});\n\t\t\t});\n\t\t};\n\n\t\tfunction um_recaptcha_refresh() {\n\t\t\tjQuery('.g-recaptcha').html('');\n\t\t\tgrecaptcha.reset();\n\t\t\tonloadCallback();\n\t\t}\n\n\t<\/script>\n\n\t<div class=\"um-col-alt\">\n\n\t\t\n\t\t\t<div class=\"um-left um-half\">\n\t\t\t\t<input type=\"submit\" value=\"Register\" class=\"um-button\" id=\"um-submit-btn\" \/>\n\t\t\t<\/div>\n\t\t\t<div class=\"um-right um-half\">\n\t\t\t\t<a href=\"https:\/\/geopannel.com\/en\/login\/\" class=\"um-button um-alt\">\n\t\t\t\t\tLogin\t\t\t\t<\/a>\n\t\t\t<\/div>\n\n\t\t\n\t\t<div class=\"um-clear\"><\/div>\n\n\t<\/div>\n\n\t\t\t<\/form>\n\t<\/div>\n<\/div>\n<style>\n\t\t\t.um-299.um {\n\t\t\tmax-width: 450px;\n\t\t}\n\t\t<\/style>\n\n","protected":false},"excerpt":{"rendered":"","protected":false},"author":1,"featured_media":0,"parent":0,"menu_order":0,"comment_status":"closed","ping_status":"closed","template":"","meta":{"inline_featured_image":false,"footnotes":""},"yoast_head":"<!-- This site is optimized with the Yoast SEO plugin v22.6 - https:\/\/yoast.com\/wordpress\/plugins\/seo\/ -->\n<title>Registration - GeoPannel<\/title>\n<meta name=\"robots\" content=\"index, follow, max-snippet:-1, max-image-preview:large, max-video-preview:-1\" \/>\n<link rel=\"canonical\" href=\"https:\/\/geopannel.com\/en\/registration\/\" \/>\n<meta property=\"og:locale\" content=\"en_US\" \/>\n<meta property=\"og:type\" content=\"article\" \/>\n<meta property=\"og:title\" content=\"Registration - GeoPannel\" \/>\n<meta property=\"og:url\" content=\"https:\/\/geopannel.com\/en\/registration\/\" \/>\n<meta property=\"og:site_name\" content=\"GeoPannel\" \/>\n<meta property=\"article:modified_time\" content=\"2022-08-01T08:45:59+00:00\" \/>\n<meta name=\"twitter:card\" content=\"summary_large_image\" \/>\n<script type=\"application\/ld+json\" class=\"yoast-schema-graph\">{\"@context\":\"https:\/\/schema.org\",\"@graph\":[{\"@type\":\"WebPage\",\"@id\":\"https:\/\/geopannel.com\/en\/registration\/\",\"url\":\"https:\/\/geopannel.com\/en\/registration\/\",\"name\":\"Registration - GeoPannel\",\"isPartOf\":{\"@id\":\"https:\/\/geopannel.com\/#website\"},\"datePublished\":\"2022-01-04T20:08:53+00:00\",\"dateModified\":\"2022-08-01T08:45:59+00:00\",\"breadcrumb\":{\"@id\":\"https:\/\/geopannel.com\/en\/registration\/#breadcrumb\"},\"inLanguage\":\"en-US\",\"potentialAction\":[{\"@type\":\"ReadAction\",\"target\":[\"https:\/\/geopannel.com\/en\/registration\/\"]}]},{\"@type\":\"BreadcrumbList\",\"@id\":\"https:\/\/geopannel.com\/en\/registration\/#breadcrumb\",\"itemListElement\":[{\"@type\":\"ListItem\",\"position\":1,\"name\":\"Home\",\"item\":\"https:\/\/geopannel.com\/en\/\"},{\"@type\":\"ListItem\",\"position\":2,\"name\":\"Registration\"}]},{\"@type\":\"WebSite\",\"@id\":\"https:\/\/geopannel.com\/#website\",\"url\":\"https:\/\/geopannel.com\/\",\"name\":\"GeoPannel\",\"description\":\"Empresa ubicada en Logro\u00f1o (La Rioja), Espa\u00f1a, dedicada al desarrollo y fabricaci\u00f3n de tejidos no tejidos y fieltros.\",\"publisher\":{\"@id\":\"https:\/\/geopannel.com\/#organization\"},\"potentialAction\":[{\"@type\":\"SearchAction\",\"target\":{\"@type\":\"EntryPoint\",\"urlTemplate\":\"https:\/\/geopannel.com\/?s={search_term_string}\"},\"query-input\":\"required name=search_term_string\"}],\"inLanguage\":\"en-US\"},{\"@type\":\"Organization\",\"@id\":\"https:\/\/geopannel.com\/#organization\",\"name\":\"GeoPannel\",\"url\":\"https:\/\/geopannel.com\/\",\"logo\":{\"@type\":\"ImageObject\",\"inLanguage\":\"en-US\",\"@id\":\"https:\/\/geopannel.com\/#\/schema\/logo\/image\/\",\"url\":\"https:\/\/geopannel.com\/wp-content\/uploads\/2021\/12\/logo.svg\",\"contentUrl\":\"https:\/\/geopannel.com\/wp-content\/uploads\/2021\/12\/logo.svg\",\"width\":188,\"height\":74,\"caption\":\"GeoPannel\"},\"image\":{\"@id\":\"https:\/\/geopannel.com\/#\/schema\/logo\/image\/\"}}]}<\/script>\n<!-- \/ Yoast SEO plugin. -->","yoast_head_json":{"title":"Registration - GeoPannel","robots":{"index":"index","follow":"follow","max-snippet":"max-snippet:-1","max-image-preview":"max-image-preview:large","max-video-preview":"max-video-preview:-1"},"canonical":"https:\/\/geopannel.com\/en\/registration\/","og_locale":"en_US","og_type":"article","og_title":"Registration - GeoPannel","og_url":"https:\/\/geopannel.com\/en\/registration\/","og_site_name":"GeoPannel","article_modified_time":"2022-08-01T08:45:59+00:00","twitter_card":"summary_large_image","schema":{"@context":"https:\/\/schema.org","@graph":[{"@type":"WebPage","@id":"https:\/\/geopannel.com\/en\/registration\/","url":"https:\/\/geopannel.com\/en\/registration\/","name":"Registration - GeoPannel","isPartOf":{"@id":"https:\/\/geopannel.com\/#website"},"datePublished":"2022-01-04T20:08:53+00:00","dateModified":"2022-08-01T08:45:59+00:00","breadcrumb":{"@id":"https:\/\/geopannel.com\/en\/registration\/#breadcrumb"},"inLanguage":"en-US","potentialAction":[{"@type":"ReadAction","target":["https:\/\/geopannel.com\/en\/registration\/"]}]},{"@type":"BreadcrumbList","@id":"https:\/\/geopannel.com\/en\/registration\/#breadcrumb","itemListElement":[{"@type":"ListItem","position":1,"name":"Home","item":"https:\/\/geopannel.com\/en\/"},{"@type":"ListItem","position":2,"name":"Registration"}]},{"@type":"WebSite","@id":"https:\/\/geopannel.com\/#website","url":"https:\/\/geopannel.com\/","name":"GeoPannel","description":"Empresa ubicada en Logro\u00f1o (La Rioja), Espa\u00f1a, dedicada al desarrollo y fabricaci\u00f3n de tejidos no tejidos y fieltros.","publisher":{"@id":"https:\/\/geopannel.com\/#organization"},"potentialAction":[{"@type":"SearchAction","target":{"@type":"EntryPoint","urlTemplate":"https:\/\/geopannel.com\/?s={search_term_string}"},"query-input":"required name=search_term_string"}],"inLanguage":"en-US"},{"@type":"Organization","@id":"https:\/\/geopannel.com\/#organization","name":"GeoPannel","url":"https:\/\/geopannel.com\/","logo":{"@type":"ImageObject","inLanguage":"en-US","@id":"https:\/\/geopannel.com\/#\/schema\/logo\/image\/","url":"https:\/\/geopannel.com\/wp-content\/uploads\/2021\/12\/logo.svg","contentUrl":"https:\/\/geopannel.com\/wp-content\/uploads\/2021\/12\/logo.svg","width":188,"height":74,"caption":"GeoPannel"},"image":{"@id":"https:\/\/geopannel.com\/#\/schema\/logo\/image\/"}}]}},"_links":{"self":[{"href":"https:\/\/geopannel.com\/en\/wp-json\/wp\/v2\/pages\/2544"}],"collection":[{"href":"https:\/\/geopannel.com\/en\/wp-json\/wp\/v2\/pages"}],"about":[{"href":"https:\/\/geopannel.com\/en\/wp-json\/wp\/v2\/types\/page"}],"author":[{"embeddable":true,"href":"https:\/\/geopannel.com\/en\/wp-json\/wp\/v2\/users\/1"}],"replies":[{"embeddable":true,"href":"https:\/\/geopannel.com\/en\/wp-json\/wp\/v2\/comments?post=2544"}],"version-history":[{"count":1,"href":"https:\/\/geopannel.com\/en\/wp-json\/wp\/v2\/pages\/2544\/revisions"}],"predecessor-version":[{"id":2545,"href":"https:\/\/geopannel.com\/en\/wp-json\/wp\/v2\/pages\/2544\/revisions\/2545"}],"wp:attachment":[{"href":"https:\/\/geopannel.com\/en\/wp-json\/wp\/v2\/media?parent=2544"}],"curies":[{"name":"wp","href":"https:\/\/api.w.org\/{rel}","templated":true}]}}