{"id":2014,"date":"2021-12-15T13:28:19","date_gmt":"2021-12-15T13:28:19","guid":{"rendered":"https:\/\/geopannel.com\/empresa\/"},"modified":"2022-08-09T11:58:40","modified_gmt":"2022-08-09T11:58:40","slug":"empresa","status":"publish","type":"page","link":"https:\/\/geopannel.com\/en\/about-us\/company\/","title":{"rendered":"Company"},"content":{"rendered":"<section class=\"intro-inner\">\n    <div class=\"intro-inner__img\">\n        <div class=\"intro-inner__bg\">\n            <img decoding=\"async\" src=\"https:\/\/geopannel.com\/wp-content\/uploads\/2021\/12\/intro-inner-bg-1.jpg\" alt=\"bg\">\n        <\/div>\n        <svg viewBox=\"0 0 1440 680\" preserveAspectRatio=\"none\" xmlns=\"http:\/\/www.w3.org\/2000\/svg\">\n            <mask id=\"mask\">\n                <rect fill=\"white\" width=\"100%\" height=\"100%\" \/>\n                <path fill-rule=\"evenodd\" clip-rule=\"evenodd\" d=\"M-271 870.717c0-588.945 463.057-1096.03 950.491-1096.03 487.439 0 865.819 165.476 1202.509-248.858 0 588.906-463.06 1095.991-950.491 1095.991C444.038 621.82 65.65 456.383-271 870.717Z\" fill=\"black\" \/>\n            <\/mask>\n            <rect mask=\"url(#mask)\" fill=\"white\" width=\"100%\" height=\"100%\" \/>\n        <\/svg>\n    <\/div>\n    <div class=\"intro-inner__content\">\n                <div class=\"intro-inner__logo\" data-aos=\"fade-up\">\n            <img decoding=\"async\" src=\"https:\/\/geopannel.com\/wp-content\/uploads\/2021\/12\/logo-shadow.png\" alt=\"\">\n        <\/div>\n                <h1 class=\"text-heading\" data-aos=\"fade-up\" data-aos-delay=\"150\">COMPANY<\/h1>\n            <\/div>\n        <div class=\"block-icon\">\n        <img decoding=\"async\" src=\"https:\/\/geopannel.com\/wp-content\/uploads\/2021\/12\/icon.svg\" alt=\"icon\">\n    <\/div>\n    <\/section>\n\n\n<section class=\"about-us\">\n    <div class=\"container\">\n        <div class=\"about-us__top\">\n            <h2 class=\"text-color-uppercase\" data-aos=\"fade-up\">WHO ARE WE?<\/h2>\n            <p data-aos=\"fade-up\" data-aos-delay=\"150\"><b>GEOPANNEL\u00ae<\/b> is a family-owned company, with more than <b>70 years of history.<\/b> Our aim is to continuously improve our thermal and acoustic insulation products, making them more efficient and sustainable. Our strategy is based on <b>research and development, innovation, investing in state-of-the-art technology, and above all in our workforce.<\/b> Because in the end it\u2019s people who matter most.<\/p>\n        <\/div>\n        <div class=\"icon-text\">\n            <img decoding=\"async\" src=\"https:\/\/geopannel.com\/wp-content\/uploads\/2021\/12\/planet-1.svg\" alt=\"icon\">\n            <p class=\"text-color-uppercase-bold\">PHILOSOPHY<\/p>\n            <p class=\"text-uppercase\"><p>TECHNOLOGY + SUSTAINABILITY + INNOVATION<\/p>\n<\/p>\n        <\/div>\n    <\/div>\n    <div class=\"image-text\">\n        <div class=\"image-text__img\">\n            <img decoding=\"async\" src=\"https:\/\/geopannel.com\/wp-content\/uploads\/2021\/12\/image-text-1.jpg\" alt=\"image\">\n        <\/div>\n        <div class=\"image-text__content\">\n            <h2 class=\"text-color-uppercase aos-init aos-animate\" data-aos=\"fade-up\"><\/h2>\n            <p data-aos=\"fade-up\"><p>Our <b>technology -unique at a European level-<\/b> together with the study and development of new materials in our own acoustic and thermal laboratories, and working closely with private companies, research centres and European universities, has allowed us to create and manufacture <b>products tailored to the highest standards<\/b> of the leading automobile and construction companies.<\/p>\n<\/p>\n        <\/div>\n    <\/div>\n<\/section>\n\n\n<section class=\"about-product\">\n    <div class=\"container\">\n        <div class=\"about-product__top\">\n            <h2 class=\"text-color-uppercase\" data-aos=\"fade-up\">WHAT WE DO?<\/h2>\n            <p data-aos=\"fade-up\" data-aos-delay=\"150\">Since founding in 1944, <b>GEOPANNEL\u00ae <\/b>has been dedicated to the <b>recycling of textile fibres<\/b> and their use as the principal component in <b>felts used in a range of sectors.<\/b><\/p>\n<p data-aos=\"fade-up\" data-aos-delay=\"150\">In order to combat the dependence on petroleum and the enormous impact it has on the environment, we develop, manufacture and continuously improve <b>our products which are made from both natural and synthetic fibres and resins; all 100% recyclable.<\/b> Sustainability, efficiency, price stability and being able to tailor our products to the specific needs of each project are what make our products stand out in the market.<\/p>\n        <\/div>\n        <div class=\"about-product__bottom\">\n            <div class=\"about-product__img\">\n                <img decoding=\"async\" src=\"https:\/\/geopannel.com\/wp-content\/uploads\/2021\/12\/sample.jpg\" alt=\"product\">\n            <\/div>\n            <div class=\"icon-text\">\n                <img decoding=\"async\" src=\"https:\/\/geopannel.com\/wp-content\/uploads\/2021\/12\/ico.svg\" alt=\"icon\">\n                <p class=\"text-color-uppercase-bold\">REGENERATION<\/p>\n                <p class=\"text-uppercase\"><p>RECYCLING + ECOLOGY<\/p>\n<\/p>\n            <\/div>\n        <\/div>\n    <\/div>\n<\/section>\n\n\n<section class=\"process-slider\">\n    <div class=\"process-slider__slider swiper mySwiper swiper-container\">\n        <div class=\"swiper-wrapper\">\n                        <div class=\"process-slider__slide swiper-slide\">\n                <div class=\"process-slider__slide-img\">\n                    <img decoding=\"async\" src=\"https:\/\/geopannel.com\/wp-content\/uploads\/2021\/12\/process-bg.jpg\" alt=\"\">\n                    <svg viewBox=\"0 0 1440 903\" preserveAspectRatio=\"none\" xmlns=\"http:\/\/www.w3.org\/2000\/svg\">\n                        <mask id=\"mask1\">\n                            <rect fill=\"white\" width=\"100%\" height=\"100%\" \/>\n                            <path fill-rule=\"evenodd\" clip-rule=\"evenodd\" d=\"M-391 1075C-391 529.36 72.0569 59.5599 559.491 59.5599C1046.93 59.5599 1425.31 212.869 1762 -171C1762 374.604 1298.94 844.404 811.509 844.404C324.039 844.404 -54.3496 691.131 -391 1075Z\" fill=\"black\" \/>\n                        <\/mask>\n                        <rect mask=\"url(#mask1)\" fill=\"white\" width=\"100%\" height=\"100%\" \/>\n                    <\/svg>\n                <\/div>\n                <div class=\"process-slider__slide-content\">\n                                            <h2 class=\"process-slider__slide-title\" data-aos=\"fade-up\">\n                            MANUFACTURING PROCESS                        <\/h2>\n                                        <p data-aos=\"fade-up\" data-aos-delay=\"150\">\n                        <p>All of our processes are carried out in our own 27.000 m2 facilities.<\/p>\n                    <\/p>\n                                    <\/div>\n            <\/div>\n                        <div class=\"process-slider__slide swiper-slide\">\n                <div class=\"process-slider__slide-img\">\n                    <img decoding=\"async\" src=\"https:\/\/geopannel.com\/wp-content\/uploads\/2021\/12\/process-bg.jpg\" alt=\"\">\n                    <svg viewBox=\"0 0 1440 903\" preserveAspectRatio=\"none\" xmlns=\"http:\/\/www.w3.org\/2000\/svg\">\n                        <mask id=\"mask1\">\n                            <rect fill=\"white\" width=\"100%\" height=\"100%\" \/>\n                            <path fill-rule=\"evenodd\" clip-rule=\"evenodd\" d=\"M-391 1075C-391 529.36 72.0569 59.5599 559.491 59.5599C1046.93 59.5599 1425.31 212.869 1762 -171C1762 374.604 1298.94 844.404 811.509 844.404C324.039 844.404 -54.3496 691.131 -391 1075Z\" fill=\"black\" \/>\n                        <\/mask>\n                        <rect mask=\"url(#mask1)\" fill=\"white\" width=\"100%\" height=\"100%\" \/>\n                    <\/svg>\n                <\/div>\n                <div class=\"process-slider__slide-content\">\n                                            <h2 class=\"process-slider__slide-title\" data-aos=\"fade-up\">\n                            MANUFACTURING PROCESS                        <\/h2>\n                                        <p data-aos=\"fade-up\" data-aos-delay=\"150\">\n                        <p>All of our processes are carried out in our own 27.000 m2 facilities.<\/p>\n                    <\/p>\n                                    <\/div>\n            <\/div>\n                    <\/div>\n        <div class=\"swiper-pagination\"><\/div>\n    <\/div>\n<\/section>\n\n\n\n<p><\/p>\n\n\n<section class=\"about-process\">\n    <div class=\"container\">\n        <div class=\"about-process__top\">\n            <h2 class=\"text-color-uppercase\" data-aos=\"fade-up\">HOW WE DO IT?<\/h2>\n            <p data-aos=\"fade-up\" data-aos-delay=\"150\"><b>80%<\/b> of the raw materials used in our recycled products come from recovered cloth and fabric scraps <b>-most of which are scraps of denim jeans, bed sheets, towels etc-.<\/b> We work principally with cotton, although other natural fibres are also used such as: kenaf, linen, jute, hemp, sisal, and sheep\u2019s wool. For products specific to the automotive industry we also use synthetic fibres such as: polyester, polypropylene, and special cottons, etc.<\/p>\n<p data-aos=\"fade-up\" data-aos-delay=\"150\">The scraps of fabric are shredded, mixed, and homogenized through mechanical processes. Subsequently, the fibres -wadding are- is subjected to a <b>process of polymerization<\/b>, with the material finally being cut in <b>sheets, bales, or die-cut shapes.<\/b> We also manufacture products with different finishes, such as with textile laminates, aluminium, or self-adhesive surfaces etc. <\/p>\n        <\/div>\n        <div class=\"about-process__bottom\">\n            <div class=\"about-process__img\">\n                <img decoding=\"async\" src=\"https:\/\/geopannel.com\/wp-content\/uploads\/2021\/12\/earth-color.png\" alt=\"process_image\">\n            <\/div>\n            <p data-aos=\"fade-up\" data-aos-delay=\"300\"><p>All <b>GEOPANNEL\u00ae products pass the most stringent thermal and acoustic tests, as well as those of traction, abrasion, formation of mould, and toxic emissions.<\/b> We also manufacture a line of fire-retardant products for both the automotive and construction industries; meeting the <b>most demanding of requirements in both sectors.<\/b><\/p>\n<\/p>\n            <div class=\"icon-text\">\n                <img decoding=\"async\" src=\"https:\/\/geopannel.com\/wp-content\/uploads\/2021\/12\/ico-1.svg\" alt=\"icon\">\n                <p class=\"text-color-uppercase-bold\">INNOVATION<\/p>\n                <p class=\"text-uppercase\"><p>TALENT + RESEARCH<\/p>\n<\/p>\n            <\/div>\n        <\/div>\n    <\/div>\n<\/section>\n","protected":false},"excerpt":{"rendered":"","protected":false},"author":1,"featured_media":0,"parent":0,"menu_order":11,"comment_status":"closed","ping_status":"closed","template":"","meta":{"inline_featured_image":false,"footnotes":""},"yoast_head":"<!-- This site is optimized with the Yoast SEO plugin v22.6 - https:\/\/yoast.com\/wordpress\/plugins\/seo\/ -->\n<title>About our company | Geopannel<\/title>\n<meta name=\"description\" content=\"We are a family business, with over 70 year of history. Our mission is to develop more efficient and sustainable thermal and acoustic insulating products.\" \/>\n<meta name=\"robots\" content=\"index, follow, max-snippet:-1, max-image-preview:large, max-video-preview:-1\" \/>\n<link rel=\"canonical\" href=\"https:\/\/geopannel.com\/en\/about-us\/company\/\" \/>\n<meta property=\"og:locale\" content=\"en_US\" \/>\n<meta property=\"og:type\" content=\"article\" \/>\n<meta property=\"og:title\" content=\"About our company | Geopannel\" \/>\n<meta property=\"og:description\" content=\"We are a family business, with over 70 year of history. Our mission is to develop more efficient and sustainable thermal and acoustic insulating products.\" \/>\n<meta property=\"og:url\" content=\"https:\/\/geopannel.com\/en\/about-us\/company\/\" \/>\n<meta property=\"og:site_name\" content=\"GeoPannel\" \/>\n<meta property=\"article:modified_time\" content=\"2022-08-09T11:58:40+00:00\" \/>\n<meta name=\"twitter:card\" content=\"summary_large_image\" \/>\n<script type=\"application\/ld+json\" class=\"yoast-schema-graph\">{\"@context\":\"https:\/\/schema.org\",\"@graph\":[{\"@type\":\"WebPage\",\"@id\":\"https:\/\/geopannel.com\/en\/about-us\/company\/\",\"url\":\"https:\/\/geopannel.com\/en\/about-us\/company\/\",\"name\":\"About our company | Geopannel\",\"isPartOf\":{\"@id\":\"https:\/\/geopannel.com\/#website\"},\"datePublished\":\"2021-12-15T13:28:19+00:00\",\"dateModified\":\"2022-08-09T11:58:40+00:00\",\"description\":\"We are a family business, with over 70 year of history. Our mission is to develop more efficient and sustainable thermal and acoustic insulating products.\",\"breadcrumb\":{\"@id\":\"https:\/\/geopannel.com\/en\/about-us\/company\/#breadcrumb\"},\"inLanguage\":\"en-US\",\"potentialAction\":[{\"@type\":\"ReadAction\",\"target\":[\"https:\/\/geopannel.com\/en\/about-us\/company\/\"]}]},{\"@type\":\"BreadcrumbList\",\"@id\":\"https:\/\/geopannel.com\/en\/about-us\/company\/#breadcrumb\",\"itemListElement\":[{\"@type\":\"ListItem\",\"position\":1,\"name\":\"Home\",\"item\":\"https:\/\/geopannel.com\/en\/\"},{\"@type\":\"ListItem\",\"position\":2,\"name\":\"Company\"}]},{\"@type\":\"WebSite\",\"@id\":\"https:\/\/geopannel.com\/#website\",\"url\":\"https:\/\/geopannel.com\/\",\"name\":\"GeoPannel\",\"description\":\"Empresa ubicada en Logro\u00f1o (La Rioja), Espa\u00f1a, dedicada al desarrollo y fabricaci\u00f3n de tejidos no tejidos y fieltros.\",\"publisher\":{\"@id\":\"https:\/\/geopannel.com\/#organization\"},\"potentialAction\":[{\"@type\":\"SearchAction\",\"target\":{\"@type\":\"EntryPoint\",\"urlTemplate\":\"https:\/\/geopannel.com\/?s={search_term_string}\"},\"query-input\":\"required name=search_term_string\"}],\"inLanguage\":\"en-US\"},{\"@type\":\"Organization\",\"@id\":\"https:\/\/geopannel.com\/#organization\",\"name\":\"GeoPannel\",\"url\":\"https:\/\/geopannel.com\/\",\"logo\":{\"@type\":\"ImageObject\",\"inLanguage\":\"en-US\",\"@id\":\"https:\/\/geopannel.com\/#\/schema\/logo\/image\/\",\"url\":\"https:\/\/geopannel.com\/wp-content\/uploads\/2021\/12\/logo.svg\",\"contentUrl\":\"https:\/\/geopannel.com\/wp-content\/uploads\/2021\/12\/logo.svg\",\"width\":188,\"height\":74,\"caption\":\"GeoPannel\"},\"image\":{\"@id\":\"https:\/\/geopannel.com\/#\/schema\/logo\/image\/\"}}]}<\/script>\n<!-- \/ Yoast SEO plugin. -->","yoast_head_json":{"title":"About our company | Geopannel","description":"We are a family business, with over 70 year of history. Our mission is to develop more efficient and sustainable thermal and acoustic insulating products.","robots":{"index":"index","follow":"follow","max-snippet":"max-snippet:-1","max-image-preview":"max-image-preview:large","max-video-preview":"max-video-preview:-1"},"canonical":"https:\/\/geopannel.com\/en\/about-us\/company\/","og_locale":"en_US","og_type":"article","og_title":"About our company | Geopannel","og_description":"We are a family business, with over 70 year of history. Our mission is to develop more efficient and sustainable thermal and acoustic insulating products.","og_url":"https:\/\/geopannel.com\/en\/about-us\/company\/","og_site_name":"GeoPannel","article_modified_time":"2022-08-09T11:58:40+00:00","twitter_card":"summary_large_image","schema":{"@context":"https:\/\/schema.org","@graph":[{"@type":"WebPage","@id":"https:\/\/geopannel.com\/en\/about-us\/company\/","url":"https:\/\/geopannel.com\/en\/about-us\/company\/","name":"About our company | Geopannel","isPartOf":{"@id":"https:\/\/geopannel.com\/#website"},"datePublished":"2021-12-15T13:28:19+00:00","dateModified":"2022-08-09T11:58:40+00:00","description":"We are a family business, with over 70 year of history. Our mission is to develop more efficient and sustainable thermal and acoustic insulating products.","breadcrumb":{"@id":"https:\/\/geopannel.com\/en\/about-us\/company\/#breadcrumb"},"inLanguage":"en-US","potentialAction":[{"@type":"ReadAction","target":["https:\/\/geopannel.com\/en\/about-us\/company\/"]}]},{"@type":"BreadcrumbList","@id":"https:\/\/geopannel.com\/en\/about-us\/company\/#breadcrumb","itemListElement":[{"@type":"ListItem","position":1,"name":"Home","item":"https:\/\/geopannel.com\/en\/"},{"@type":"ListItem","position":2,"name":"Company"}]},{"@type":"WebSite","@id":"https:\/\/geopannel.com\/#website","url":"https:\/\/geopannel.com\/","name":"GeoPannel","description":"Empresa ubicada en Logro\u00f1o (La Rioja), Espa\u00f1a, dedicada al desarrollo y fabricaci\u00f3n de tejidos no tejidos y fieltros.","publisher":{"@id":"https:\/\/geopannel.com\/#organization"},"potentialAction":[{"@type":"SearchAction","target":{"@type":"EntryPoint","urlTemplate":"https:\/\/geopannel.com\/?s={search_term_string}"},"query-input":"required name=search_term_string"}],"inLanguage":"en-US"},{"@type":"Organization","@id":"https:\/\/geopannel.com\/#organization","name":"GeoPannel","url":"https:\/\/geopannel.com\/","logo":{"@type":"ImageObject","inLanguage":"en-US","@id":"https:\/\/geopannel.com\/#\/schema\/logo\/image\/","url":"https:\/\/geopannel.com\/wp-content\/uploads\/2021\/12\/logo.svg","contentUrl":"https:\/\/geopannel.com\/wp-content\/uploads\/2021\/12\/logo.svg","width":188,"height":74,"caption":"GeoPannel"},"image":{"@id":"https:\/\/geopannel.com\/#\/schema\/logo\/image\/"}}]}},"_links":{"self":[{"href":"https:\/\/geopannel.com\/en\/wp-json\/wp\/v2\/pages\/2014"}],"collection":[{"href":"https:\/\/geopannel.com\/en\/wp-json\/wp\/v2\/pages"}],"about":[{"href":"https:\/\/geopannel.com\/en\/wp-json\/wp\/v2\/types\/page"}],"author":[{"embeddable":true,"href":"https:\/\/geopannel.com\/en\/wp-json\/wp\/v2\/users\/1"}],"replies":[{"embeddable":true,"href":"https:\/\/geopannel.com\/en\/wp-json\/wp\/v2\/comments?post=2014"}],"version-history":[{"count":24,"href":"https:\/\/geopannel.com\/en\/wp-json\/wp\/v2\/pages\/2014\/revisions"}],"predecessor-version":[{"id":2140,"href":"https:\/\/geopannel.com\/en\/wp-json\/wp\/v2\/pages\/2014\/revisions\/2140"}],"wp:attachment":[{"href":"https:\/\/geopannel.com\/en\/wp-json\/wp\/v2\/media?parent=2014"}],"curies":[{"name":"wp","href":"https:\/\/api.w.org\/{rel}","templated":true}]}}