{"id":2008,"date":"2021-12-16T13:04:55","date_gmt":"2021-12-16T13:04:55","guid":{"rendered":"https:\/\/geopannel.com\/sostenibilidad\/"},"modified":"2024-08-29T07:37:13","modified_gmt":"2024-08-29T07:37:13","slug":"sostenibilidad","status":"publish","type":"page","link":"https:\/\/geopannel.com\/en\/about-us\/sustainability\/","title":{"rendered":"Sustainability"},"content":{"rendered":"<section class=\"intro-inner\">\n    <div class=\"intro-inner__img\">\n        <div class=\"intro-inner__bg\">\n            <img decoding=\"async\" src=\"\" alt=\"bg\">\n        <\/div>\n        <svg viewBox=\"0 0 1440 680\" preserveAspectRatio=\"none\" xmlns=\"http:\/\/www.w3.org\/2000\/svg\">\n            <mask id=\"mask\">\n                <rect fill=\"white\" width=\"100%\" height=\"100%\" \/>\n                <path fill-rule=\"evenodd\" clip-rule=\"evenodd\" d=\"M-271 870.717c0-588.945 463.057-1096.03 950.491-1096.03 487.439 0 865.819 165.476 1202.509-248.858 0 588.906-463.06 1095.991-950.491 1095.991C444.038 621.82 65.65 456.383-271 870.717Z\" fill=\"black\" \/>\n            <\/mask>\n            <rect mask=\"url(#mask)\" fill=\"white\" width=\"100%\" height=\"100%\" \/>\n        <\/svg>\n    <\/div>\n    <div class=\"intro-inner__content\">\n                <div class=\"intro-inner__logo\" data-aos=\"fade-up\">\n            <img decoding=\"async\" src=\"https:\/\/geopannel.com\/wp-content\/uploads\/2021\/12\/logo-shadow.png\" alt=\"\">\n        <\/div>\n                <h1 class=\"text-heading\" data-aos=\"fade-up\" data-aos-delay=\"150\">SUSTAINABILITY <\/h1>\n            <\/div>\n        <div class=\"block-icon\">\n        <img decoding=\"async\" src=\"https:\/\/geopannel.com\/wp-content\/uploads\/2021\/12\/icon.svg\" alt=\"icon\">\n    <\/div>\n    <\/section>\n\n\n<section class=\"about-us\">\n    <div class=\"container\">\n        <div class=\"about-us__top\">\n            <h2 class=\"text-color-uppercase\" data-aos=\"fade-up\">WE TAKE CARE OF THE PLANET<\/h2>\n            <p data-aos=\"fade-up\" data-aos-delay=\"150\"><b>GEOPANNEL\u00ae<\/b> has participated in numerous Spanish and European environmental projects, such as <b>Eureka<\/b> \u201cSustainacoustics\u201d, <b>Ecoinnovation<\/b> \u201cInpat\u201d, and several national and European CDTI projects. <b>GEOPANNEL\u00ae<\/b> has also obtained the <b>European Seal of Excellence<\/b> for its project <b>\u201cGEOPET\u201d<\/b> within the Horizon 2020 Framework Programme for Research and Innovation.<\/p>\n        <\/div>\n        <div class=\"icon-text\">\n            <img decoding=\"async\" src=\"https:\/\/geopannel.com\/wp-content\/uploads\/2021\/12\/planet.svg\" alt=\"icon\">\n            <p class=\"text-color-uppercase-bold\">SUSTAINABILITY <\/p>\n            <p class=\"text-uppercase\"><p>INNOVATION + FUTURE<\/p>\n<\/p>\n        <\/div>\n    <\/div>\n    <div class=\"image-text\">\n        <div class=\"image-text__img\">\n            <img decoding=\"async\" src=\"https:\/\/geopannel.com\/wp-content\/uploads\/2022\/04\/pexels-singkham-1108572_Free-Sostenibilidad.jpg\" alt=\"image\">\n        <\/div>\n        <div class=\"image-text__content\">\n            <h2 class=\"text-color-uppercase aos-init aos-animate\" data-aos=\"fade-up\">REDUCTION OF THE ENVIRONMENTAL FOOTPRINT<\/h2>\n            <p data-aos=\"fade-up\"><p>Our use of a <b>raw material deriving from other industries<\/b> waste product, as well as our incorporation of <b>renewable materials<\/b> into our production process, have contributed significantly to the <b>reduction of our environmental impact.<\/b><\/p>\n<\/p>\n        <\/div>\n    <\/div>\n<\/section>\n\n\n<section class=\"about-product\">\n    <div class=\"container\">\n        <div class=\"about-product__top\">\n            <h2 class=\"text-color-uppercase\" data-aos=\"fade-up\">TOWARDS A CLEANER, MORE SUSTAINABLE WORLD<\/h2>\n            <p data-aos=\"fade-up\" data-aos-delay=\"150\"><b>80%<\/b> of the raw material found in our <b>construction products<\/b> comes from <b>recycled textiles.<\/b><\/p>\n<p data-aos=\"fade-up\" data-aos-delay=\"150\">This, coupled with the low energy needs of our production process and the <b>high thermal efficiency and durability of our product<\/b>, allows for a <b>minimal carbon footprint.<\/b><\/p>\n        <\/div>\n        <div class=\"about-product__bottom\">\n            <div class=\"about-product__img\">\n                <img decoding=\"async\" src=\"https:\/\/geopannel.com\/wp-content\/uploads\/2021\/12\/earth.jpg\" alt=\"product\">\n            <\/div>\n            <div class=\"icon-text\">\n                <img decoding=\"async\" src=\"https:\/\/geopannel.com\/wp-content\/uploads\/2021\/12\/ico.svg\" alt=\"icon\">\n                <p class=\"text-color-uppercase-bold\">REGENERATION<\/p>\n                <p class=\"text-uppercase\"><p>RECYCLING + ECOLOGY<\/p>\n<\/p>\n            <\/div>\n        <\/div>\n    <\/div>\n<\/section>\n\n\n\n\n\n    <section class=\"about-us about-us-image\">   \n        <div class=\"image-text\">\n            <div class=\"image-text__img\">\n                <img decoding=\"async\" src=\"https:\/\/geopannel.com\/wp-content\/uploads\/2022\/05\/Seaqual_ok.jpg\" alt=\"image\">\n            <\/div>\n            <div class=\"image-text__content\">\n                <h2 class=\"text-color-uppercase aos-init aos-animate\" data-aos=\"fade-up\">SEAQUAL INITIATIVE<\/h2>\n                <p data-aos=\"fade-up\"><p>Geopannel is collaborating as a licensee of the Seaqual Initiative.<\/p>\n<p><b>This initiative is a unique collaborative community that works towards the cleaning of the world\u2019s oceans<\/b>, raising awareness of plastic pollution in the seas, and highlighting the excellent work done by the heroes fighting to solve this problem.<\/p>\n<p>For more information, go to <a href=\"https:\/\/www.seaqual.org\/\" target=\"_blank\" rel=\"noopener\">seaqual.org<\/a><\/p>\n<\/p>\n            <\/div>\n        <\/div>\n    <\/section>\n\n\n\n\n\n\n<section class=\"process-slider\">\n    <div class=\"process-slider__slider swiper mySwiper swiper-container\">\n        <div class=\"swiper-wrapper\">\n                        <div class=\"process-slider__slide swiper-slide\">\n                <div class=\"process-slider__slide-img\">\n                    <img decoding=\"async\" src=\"https:\/\/geopannel.com\/wp-content\/uploads\/2021\/12\/process-bg.jpg\" alt=\"\">\n                    <svg viewBox=\"0 0 1440 903\" preserveAspectRatio=\"none\" xmlns=\"http:\/\/www.w3.org\/2000\/svg\">\n                        <mask id=\"mask1\">\n                            <rect fill=\"white\" width=\"100%\" height=\"100%\" \/>\n                            <path fill-rule=\"evenodd\" clip-rule=\"evenodd\" d=\"M-391 1075C-391 529.36 72.0569 59.5599 559.491 59.5599C1046.93 59.5599 1425.31 212.869 1762 -171C1762 374.604 1298.94 844.404 811.509 844.404C324.039 844.404 -54.3496 691.131 -391 1075Z\" fill=\"black\" \/>\n                        <\/mask>\n                        <rect mask=\"url(#mask1)\" fill=\"white\" width=\"100%\" height=\"100%\" \/>\n                    <\/svg>\n                <\/div>\n                <div class=\"process-slider__slide-content\">\n                                            <h2 class=\"process-slider__slide-title\" data-aos=\"fade-up\">\n                            MANUFACTURING PROCESS                        <\/h2>\n                                        <p data-aos=\"fade-up\" data-aos-delay=\"150\">\n                        <p>All of our processes are carried out in our own 27.000 m2 facilities.<\/p>\n                    <\/p>\n                                    <\/div>\n            <\/div>\n                        <div class=\"process-slider__slide swiper-slide\">\n                <div class=\"process-slider__slide-img\">\n                    <img decoding=\"async\" src=\"https:\/\/geopannel.com\/wp-content\/uploads\/2021\/12\/process-bg.jpg\" alt=\"\">\n                    <svg viewBox=\"0 0 1440 903\" preserveAspectRatio=\"none\" xmlns=\"http:\/\/www.w3.org\/2000\/svg\">\n                        <mask id=\"mask1\">\n                            <rect fill=\"white\" width=\"100%\" height=\"100%\" \/>\n                            <path fill-rule=\"evenodd\" clip-rule=\"evenodd\" d=\"M-391 1075C-391 529.36 72.0569 59.5599 559.491 59.5599C1046.93 59.5599 1425.31 212.869 1762 -171C1762 374.604 1298.94 844.404 811.509 844.404C324.039 844.404 -54.3496 691.131 -391 1075Z\" fill=\"black\" \/>\n                        <\/mask>\n                        <rect mask=\"url(#mask1)\" fill=\"white\" width=\"100%\" height=\"100%\" \/>\n                    <\/svg>\n                <\/div>\n                <div class=\"process-slider__slide-content\">\n                                            <h2 class=\"process-slider__slide-title\" data-aos=\"fade-up\">\n                            MANUFACTURING PROCESS                        <\/h2>\n                                        <p data-aos=\"fade-up\" data-aos-delay=\"150\">\n                        <p>All of our processes are carried out in our own 27.000 m2 facilities.<\/p>\n                    <\/p>\n                                    <\/div>\n            <\/div>\n                    <\/div>\n        <div class=\"swiper-pagination\"><\/div>\n    <\/div>\n<\/section>\n\n\n<section class=\"about-process\">\n    <div class=\"container\">\n        <div class=\"about-process__top\">\n            <h2 class=\"text-color-uppercase\" data-aos=\"fade-up\">TREATMENT OF WASTE<\/h2>\n            <p data-aos=\"fade-up\" data-aos-delay=\"150\"><b>Guidelines for the treatment of waste derived from the products supplied:<\/b> <\/p>\n<p data-aos=\"fade-up\" data-aos-delay=\"150\"><b>Packaging:<\/b><br \/>\nThe packaging, once removed from the delivered products, becomes non-hazardous waste and must be treated as such, and handed over to an authorised agent and\/or recycling company. Regardless, we recommend the internal reuse of packaging before it is considered waste.<br \/>\n.<\/p>\n        <\/div>\n        <div class=\"about-process__bottom\">\n            <div class=\"about-process__img\">\n                <img decoding=\"async\" src=\"https:\/\/geopannel.com\/wp-content\/uploads\/2021\/12\/earth-color.png\" alt=\"process_image\">\n            <\/div>\n            <p data-aos=\"fade-up\" data-aos-delay=\"300\"><p><b>Product waste:<\/b><br \/>\nWe inform you that in the event that the supplied products have to be disposed of, they become non-hazardous waste, (provided they are not impregnated with hazardous chemicals) and, as such, must be treated by handing them over to an authorised agent for recycling, thus complying at all times with the relevant legislation. In the event that our products have been in contact with hazardous chemicals, they must be treated as hazardous waste for safety reasons and handed over to an authorised agent, thus complying at all times with current legislation. In any case, we recommend the internal reuse of these materials in other processes before final treatment as waste.<\/p>\n<\/p>\n            <div class=\"icon-text\">\n                <img decoding=\"async\" src=\"https:\/\/geopannel.com\/wp-content\/uploads\/2021\/12\/ico-1.svg\" alt=\"icon\">\n                <p class=\"text-color-uppercase-bold\">REUSE<\/p>\n                <p class=\"text-uppercase\"><p>CONSERVATION + SAVINGS<\/p>\n<\/p>\n            <\/div>\n        <\/div>\n    <\/div>\n<\/section>\n","protected":false},"excerpt":{"rendered":"","protected":false},"author":1,"featured_media":0,"parent":0,"menu_order":8,"comment_status":"closed","ping_status":"closed","template":"","meta":{"inline_featured_image":false,"footnotes":""},"yoast_head":"<!-- This site is optimized with the Yoast SEO plugin v22.6 - https:\/\/yoast.com\/wordpress\/plugins\/seo\/ -->\n<title>Sustainability - GeoPannel<\/title>\n<meta name=\"robots\" content=\"index, follow, max-snippet:-1, max-image-preview:large, max-video-preview:-1\" \/>\n<link rel=\"canonical\" href=\"https:\/\/geopannel.com\/en\/about-us\/sustainability\/\" \/>\n<meta property=\"og:locale\" content=\"en_US\" \/>\n<meta property=\"og:type\" content=\"article\" \/>\n<meta property=\"og:title\" content=\"Sustainability - GeoPannel\" \/>\n<meta property=\"og:url\" content=\"https:\/\/geopannel.com\/en\/about-us\/sustainability\/\" \/>\n<meta property=\"og:site_name\" content=\"GeoPannel\" \/>\n<meta property=\"article:modified_time\" content=\"2024-08-29T07:37:13+00:00\" \/>\n<meta name=\"twitter:card\" content=\"summary_large_image\" \/>\n<script type=\"application\/ld+json\" class=\"yoast-schema-graph\">{\"@context\":\"https:\/\/schema.org\",\"@graph\":[{\"@type\":\"WebPage\",\"@id\":\"https:\/\/geopannel.com\/en\/about-us\/sustainability\/\",\"url\":\"https:\/\/geopannel.com\/en\/about-us\/sustainability\/\",\"name\":\"Sustainability - GeoPannel\",\"isPartOf\":{\"@id\":\"https:\/\/geopannel.com\/#website\"},\"datePublished\":\"2021-12-16T13:04:55+00:00\",\"dateModified\":\"2024-08-29T07:37:13+00:00\",\"breadcrumb\":{\"@id\":\"https:\/\/geopannel.com\/en\/about-us\/sustainability\/#breadcrumb\"},\"inLanguage\":\"en-US\",\"potentialAction\":[{\"@type\":\"ReadAction\",\"target\":[\"https:\/\/geopannel.com\/en\/about-us\/sustainability\/\"]}]},{\"@type\":\"BreadcrumbList\",\"@id\":\"https:\/\/geopannel.com\/en\/about-us\/sustainability\/#breadcrumb\",\"itemListElement\":[{\"@type\":\"ListItem\",\"position\":1,\"name\":\"Home\",\"item\":\"https:\/\/geopannel.com\/en\/\"},{\"@type\":\"ListItem\",\"position\":2,\"name\":\"Sustainability\"}]},{\"@type\":\"WebSite\",\"@id\":\"https:\/\/geopannel.com\/#website\",\"url\":\"https:\/\/geopannel.com\/\",\"name\":\"GeoPannel\",\"description\":\"Empresa ubicada en Logro\u00f1o (La Rioja), Espa\u00f1a, dedicada al desarrollo y fabricaci\u00f3n de tejidos no tejidos y fieltros.\",\"publisher\":{\"@id\":\"https:\/\/geopannel.com\/#organization\"},\"potentialAction\":[{\"@type\":\"SearchAction\",\"target\":{\"@type\":\"EntryPoint\",\"urlTemplate\":\"https:\/\/geopannel.com\/?s={search_term_string}\"},\"query-input\":\"required name=search_term_string\"}],\"inLanguage\":\"en-US\"},{\"@type\":\"Organization\",\"@id\":\"https:\/\/geopannel.com\/#organization\",\"name\":\"GeoPannel\",\"url\":\"https:\/\/geopannel.com\/\",\"logo\":{\"@type\":\"ImageObject\",\"inLanguage\":\"en-US\",\"@id\":\"https:\/\/geopannel.com\/#\/schema\/logo\/image\/\",\"url\":\"https:\/\/geopannel.com\/wp-content\/uploads\/2021\/12\/logo.svg\",\"contentUrl\":\"https:\/\/geopannel.com\/wp-content\/uploads\/2021\/12\/logo.svg\",\"width\":188,\"height\":74,\"caption\":\"GeoPannel\"},\"image\":{\"@id\":\"https:\/\/geopannel.com\/#\/schema\/logo\/image\/\"}}]}<\/script>\n<!-- \/ Yoast SEO plugin. -->","yoast_head_json":{"title":"Sustainability - GeoPannel","robots":{"index":"index","follow":"follow","max-snippet":"max-snippet:-1","max-image-preview":"max-image-preview:large","max-video-preview":"max-video-preview:-1"},"canonical":"https:\/\/geopannel.com\/en\/about-us\/sustainability\/","og_locale":"en_US","og_type":"article","og_title":"Sustainability - GeoPannel","og_url":"https:\/\/geopannel.com\/en\/about-us\/sustainability\/","og_site_name":"GeoPannel","article_modified_time":"2024-08-29T07:37:13+00:00","twitter_card":"summary_large_image","schema":{"@context":"https:\/\/schema.org","@graph":[{"@type":"WebPage","@id":"https:\/\/geopannel.com\/en\/about-us\/sustainability\/","url":"https:\/\/geopannel.com\/en\/about-us\/sustainability\/","name":"Sustainability - GeoPannel","isPartOf":{"@id":"https:\/\/geopannel.com\/#website"},"datePublished":"2021-12-16T13:04:55+00:00","dateModified":"2024-08-29T07:37:13+00:00","breadcrumb":{"@id":"https:\/\/geopannel.com\/en\/about-us\/sustainability\/#breadcrumb"},"inLanguage":"en-US","potentialAction":[{"@type":"ReadAction","target":["https:\/\/geopannel.com\/en\/about-us\/sustainability\/"]}]},{"@type":"BreadcrumbList","@id":"https:\/\/geopannel.com\/en\/about-us\/sustainability\/#breadcrumb","itemListElement":[{"@type":"ListItem","position":1,"name":"Home","item":"https:\/\/geopannel.com\/en\/"},{"@type":"ListItem","position":2,"name":"Sustainability"}]},{"@type":"WebSite","@id":"https:\/\/geopannel.com\/#website","url":"https:\/\/geopannel.com\/","name":"GeoPannel","description":"Empresa ubicada en Logro\u00f1o (La Rioja), Espa\u00f1a, dedicada al desarrollo y fabricaci\u00f3n de tejidos no tejidos y fieltros.","publisher":{"@id":"https:\/\/geopannel.com\/#organization"},"potentialAction":[{"@type":"SearchAction","target":{"@type":"EntryPoint","urlTemplate":"https:\/\/geopannel.com\/?s={search_term_string}"},"query-input":"required name=search_term_string"}],"inLanguage":"en-US"},{"@type":"Organization","@id":"https:\/\/geopannel.com\/#organization","name":"GeoPannel","url":"https:\/\/geopannel.com\/","logo":{"@type":"ImageObject","inLanguage":"en-US","@id":"https:\/\/geopannel.com\/#\/schema\/logo\/image\/","url":"https:\/\/geopannel.com\/wp-content\/uploads\/2021\/12\/logo.svg","contentUrl":"https:\/\/geopannel.com\/wp-content\/uploads\/2021\/12\/logo.svg","width":188,"height":74,"caption":"GeoPannel"},"image":{"@id":"https:\/\/geopannel.com\/#\/schema\/logo\/image\/"}}]}},"_links":{"self":[{"href":"https:\/\/geopannel.com\/en\/wp-json\/wp\/v2\/pages\/2008"}],"collection":[{"href":"https:\/\/geopannel.com\/en\/wp-json\/wp\/v2\/pages"}],"about":[{"href":"https:\/\/geopannel.com\/en\/wp-json\/wp\/v2\/types\/page"}],"author":[{"embeddable":true,"href":"https:\/\/geopannel.com\/en\/wp-json\/wp\/v2\/users\/1"}],"replies":[{"embeddable":true,"href":"https:\/\/geopannel.com\/en\/wp-json\/wp\/v2\/comments?post=2008"}],"version-history":[{"count":30,"href":"https:\/\/geopannel.com\/en\/wp-json\/wp\/v2\/pages\/2008\/revisions"}],"predecessor-version":[{"id":5555,"href":"https:\/\/geopannel.com\/en\/wp-json\/wp\/v2\/pages\/2008\/revisions\/5555"}],"wp:attachment":[{"href":"https:\/\/geopannel.com\/en\/wp-json\/wp\/v2\/media?parent=2008"}],"curies":[{"name":"wp","href":"https:\/\/api.w.org\/{rel}","templated":true}]}}