{"id":2005,"date":"2021-12-20T16:57:10","date_gmt":"2021-12-20T16:57:10","guid":{"rendered":"https:\/\/geopannel.com\/marcas\/"},"modified":"2022-08-01T11:43:19","modified_gmt":"2022-08-01T11:43:19","slug":"marcas","status":"publish","type":"page","link":"https:\/\/geopannel.com\/en\/about-us\/brands\/","title":{"rendered":"Brands"},"content":{"rendered":"<section class=\"intro-inner\">\n    <div class=\"intro-inner__img\">\n        <div class=\"intro-inner__bg\">\n            <img decoding=\"async\" src=\"https:\/\/geopannel.com\/wp-content\/uploads\/2021\/12\/intro-inner-bg-2.jpg\" alt=\"bg\">\n        <\/div>\n        <svg viewBox=\"0 0 1440 680\" preserveAspectRatio=\"none\" xmlns=\"http:\/\/www.w3.org\/2000\/svg\">\n            <mask id=\"mask\">\n                <rect fill=\"white\" width=\"100%\" height=\"100%\" \/>\n                <path fill-rule=\"evenodd\" clip-rule=\"evenodd\" d=\"M-271 870.717c0-588.945 463.057-1096.03 950.491-1096.03 487.439 0 865.819 165.476 1202.509-248.858 0 588.906-463.06 1095.991-950.491 1095.991C444.038 621.82 65.65 456.383-271 870.717Z\" fill=\"black\" \/>\n            <\/mask>\n            <rect mask=\"url(#mask)\" fill=\"white\" width=\"100%\" height=\"100%\" \/>\n        <\/svg>\n    <\/div>\n    <div class=\"intro-inner__content\">\n                <div class=\"intro-inner__logo\" data-aos=\"fade-up\">\n            <img decoding=\"async\" src=\"https:\/\/geopannel.com\/wp-content\/uploads\/2021\/12\/planet-2.svg\" alt=\"\">\n        <\/div>\n                <h1 class=\"text-heading\" data-aos=\"fade-up\" data-aos-delay=\"150\">OUR BRANDS<\/h1>\n            <\/div>\n        <div class=\"block-icon\">\n        <img decoding=\"async\" src=\"https:\/\/geopannel.com\/wp-content\/uploads\/2021\/12\/icon.svg\" alt=\"icon\">\n    <\/div>\n    <\/section>\n\n\n<section class=\"page-grid\">\n    <div class=\"container\">\n        <ul class=\"no-bullet page-grid__list\">\n                                        <li>\n                                <div class=\"page-grid__card\" data-aos=\"fade-up\" data-aos-anchor-placement=\"top-center\">\n                                    <div class=\"page-grid__logo\">\n                                        <img decoding=\"async\" src=\"https:\/\/geopannel.com\/wp-content\/uploads\/2022\/01\/planet.svg\" alt=\"\" >                                    <\/div>\n                                                                        <p><b>GEOPANNEL\u00ae<\/b> is a range of acoustic and thermal insulation panels manufactured from a high percentage of recycled material, as well as being <b>100% recyclable, for use in the construction industry.<\/b><\/p>\n\n                                                                            <a class=\"btn btn-svg\" href=\"https:\/\/geopannel.com\/en\/products-geopannel\/\">\n                                            <svg viewbox=\"0 0 101 8\" fill=\"none\" xmlns=\"http:\/\/www.w3.org\/2000\/svg\">\n                                                <path d=\"M100.354 4.428a.5.5 0 0 0 0-.707L97.172.539a.5.5 0 1 0-.707.707l2.828 2.828-2.829 2.829a.5.5 0 1 0 .708.707l3.182-3.182ZM0 4.574h100v-1H0v1Z\" fill=\"#00833E\" \/>\n                                            <\/svg>\n                                            <span>See Products<\/span>\n                                        <\/a>\n                                                                        \n                                <\/div>\n                            <\/li>\n                                                                        <li>\n                                <div class=\"page-grid__card\" data-aos=\"fade-up\" data-aos-anchor-placement=\"top-center\">\n                                    <div class=\"page-grid__logo\">\n                                        <img decoding=\"async\" src=\"https:\/\/geopannel.com\/wp-content\/uploads\/2021\/12\/mark-color-1.png\" alt=\"\" >                                    <\/div>\n                                                                        <p><b>INPAT\u00ae, the recycled and ecological sheet for impact sound insulation.<\/b> GEOPANNEL\u00ae has created a whole range of sheets and panels for the construction industry with <b>increased acoustic insulation properties for impact sound reduction in buildings.<\/b><\/p>\n\n                                                                            <a class=\"btn btn-svg\" href=\"https:\/\/geopannel.com\/en\/inpat\/\">\n                                            <svg viewbox=\"0 0 101 8\" fill=\"none\" xmlns=\"http:\/\/www.w3.org\/2000\/svg\">\n                                                <path d=\"M100.354 4.428a.5.5 0 0 0 0-.707L97.172.539a.5.5 0 1 0-.707.707l2.828 2.828-2.829 2.829a.5.5 0 1 0 .708.707l3.182-3.182ZM0 4.574h100v-1H0v1Z\" fill=\"#00833E\" \/>\n                                            <\/svg>\n                                            <span>See Products<\/span>\n                                        <\/a>\n                                                                        \n                                <\/div>\n                            <\/li>\n                                                                        <li>\n                                <div class=\"page-grid__card\" data-aos=\"fade-up\" data-aos-anchor-placement=\"top-center\">\n                                    <div class=\"page-grid__logo\">\n                                        <img decoding=\"async\" src=\"https:\/\/geopannel.com\/wp-content\/uploads\/2021\/12\/planet-4.svg\" alt=\"\" >                                    <\/div>\n                                                                        <p><b>PPE face masks<\/b> for the protection against particles in suspension and pathogens.<b> Developed as a measure to help tackle COVID 19.<\/b> Excellent breathability and comfort.<\/p>\n\n                                                                            <a class=\"btn btn-svg\" href=\"https:\/\/geopannel.com\/en\/geomask\/\">\n                                            <svg viewbox=\"0 0 101 8\" fill=\"none\" xmlns=\"http:\/\/www.w3.org\/2000\/svg\">\n                                                <path d=\"M100.354 4.428a.5.5 0 0 0 0-.707L97.172.539a.5.5 0 1 0-.707.707l2.828 2.828-2.829 2.829a.5.5 0 1 0 .708.707l3.182-3.182ZM0 4.574h100v-1H0v1Z\" fill=\"#00833E\" \/>\n                                            <\/svg>\n                                            <span>See Products<\/span>\n                                        <\/a>\n                                                                        \n                                <\/div>\n                            <\/li>\n                                                                        <li>\n                                <div class=\"page-grid__card\" data-aos=\"fade-up\" data-aos-anchor-placement=\"top-center\">\n                                    <div class=\"page-grid__logo\">\n                                        <img decoding=\"async\" src=\"https:\/\/geopannel.com\/wp-content\/uploads\/2022\/01\/planet-3.svg\" alt=\"\" >                                    <\/div>\n                                                                        <p><b>Visible acoustic insulation solutions<\/b>; ceiling insulation batts; and perforated panels that can be in metal, plaster or wood.\r\n<\/p>\n\n                                                                            <a class=\"btn btn-svg\" href=\"https:\/\/geopannel.com\/en\/geopet\/\">\n                                            <svg viewbox=\"0 0 101 8\" fill=\"none\" xmlns=\"http:\/\/www.w3.org\/2000\/svg\">\n                                                <path d=\"M100.354 4.428a.5.5 0 0 0 0-.707L97.172.539a.5.5 0 1 0-.707.707l2.828 2.828-2.829 2.829a.5.5 0 1 0 .708.707l3.182-3.182ZM0 4.574h100v-1H0v1Z\" fill=\"#00833E\" \/>\n                                            <\/svg>\n                                            <span>See Products<\/span>\n                                        <\/a>\n                                                                        \n                                <\/div>\n                            <\/li>\n                                                                        <li>\n                                <div class=\"page-grid__card\" data-aos=\"fade-up\" data-aos-anchor-placement=\"top-center\">\n                                    <div class=\"page-grid__logo\">\n                                        <img decoding=\"async\" src=\"https:\/\/geopannel.com\/wp-content\/uploads\/2022\/01\/planet-2.svg\" alt=\"\" >                                    <\/div>\n                                                                        <p><b>Comfortable acoustic and thermal insulation with a functional design and integrated<\/b> into the esthetic of the construction. GEOplafond\u00ae, a product line of GEOPANNEL\u00ae, allows the design of high-performance walls and ceilings in any colour.<\/p>\n\n                                                                        \n                                <\/div>\n                            <\/li>\n                                                                        <li>\n                                <div class=\"page-grid__card\" data-aos=\"fade-up\" data-aos-anchor-placement=\"top-center\">\n                                    <div class=\"page-grid__logo\">\n                                        <img decoding=\"async\" src=\"https:\/\/geopannel.com\/wp-content\/uploads\/2022\/01\/planet-1.svg\" alt=\"\" >                                    <\/div>\n                                                                        <p><b>Insulation panels manufactured from a high percentage of recycled material, as well as being 100% recyclable, for use in the construction industry.<\/b> The porous nature of our products lends them excellent acoustic absorbance, while retaining air and water vapor permeability which allows for good airflow.<\/p>\n\n                                                                        \n                                <\/div>\n                            <\/li>\n                                                    <\/ul>\n    <\/div>\n<\/section>\n\n\n<section class=\"quote quote--img\">\n    <div class=\"quote__bg\">\n                    <img decoding=\"async\" src=\"https:\/\/geopannel.com\/wp-content\/uploads\/2021\/12\/marcas-bg.jpg\" alt=\"quote_bg\">\n            <svg viewBox=\"0 0 1439 1031\" preserveAspectRatio=\"none\" fill=\"none\" xmlns=\"http:\/\/www.w3.org\/2000\/svg\">\n                <mask id=\"mask2\">\n                    <rect fill=\"white\" width=\"100%\" height=\"100%\"><\/rect>\n                    <path fill-rule=\"evenodd\" clip-rule=\"evenodd\" d=\"M-392 1075C-392 529.36 71.0569 59.5599 558.491 59.5599C1045.93 59.5599 1424.31 212.869 1761 -171C1761 374.604 1297.94 844.404 810.509 844.404C323.039 844.404 -55.3496 691.131 -392 1075Z\" fill=\"black\" fill-opacity=\"0.7\"><\/path>\n                <\/mask>\n                <rect mask=\"url(#mask2)\" fill=\"white\" width=\"100%\" height=\"100%\"><\/rect>\n            <\/svg>\n            <\/div>\n    <div class=\"quote__content\" data-aos=\"fade-up\">\n        <span class=\"text-white\">\u201c<\/span>\n        <p class=\"text-white\">GEOPANNEL\u00ae is a range of acoustic and thermal insulation panels manufactured from a high percentage of recycled material, as well as being 100% recyclable, for use in the construction industry, geotextiles, upholstery, footwear, carpets and carpet underlays and gardening.<\/p>\n        <span class=\"text-white\">\u201c<\/span>\n    <\/div>\n<\/section>\n","protected":false},"excerpt":{"rendered":"","protected":false},"author":1,"featured_media":0,"parent":0,"menu_order":7,"comment_status":"closed","ping_status":"closed","template":"","meta":{"inline_featured_image":false,"footnotes":""},"yoast_head":"<!-- This site is optimized with the Yoast SEO plugin v22.6 - https:\/\/yoast.com\/wordpress\/plugins\/seo\/ -->\n<title>Geopannel: Fabrica textil en Logro\u00f1o<\/title>\n<meta name=\"description\" content=\"Fabricaci\u00f3n de tejidos, fieltros, aislantes para construcci\u00f3n, automoci\u00f3n, tapicer\u00eda, decoraci\u00f3n calzados y m\u00e1s. Estamos ubicados en Logro\u00f1o - La Rioja.\" \/>\n<meta name=\"robots\" content=\"index, follow, max-snippet:-1, max-image-preview:large, max-video-preview:-1\" \/>\n<link rel=\"canonical\" href=\"https:\/\/geopannel.com\/en\/about-us\/brands\/\" \/>\n<meta property=\"og:locale\" content=\"en_US\" \/>\n<meta property=\"og:type\" content=\"article\" \/>\n<meta property=\"og:title\" content=\"Geopannel: Fabrica textil en Logro\u00f1o\" \/>\n<meta property=\"og:description\" content=\"Fabricaci\u00f3n de tejidos, fieltros, aislantes para construcci\u00f3n, automoci\u00f3n, tapicer\u00eda, decoraci\u00f3n calzados y m\u00e1s. Estamos ubicados en Logro\u00f1o - La Rioja.\" \/>\n<meta property=\"og:url\" content=\"https:\/\/geopannel.com\/en\/about-us\/brands\/\" \/>\n<meta property=\"og:site_name\" content=\"GeoPannel\" \/>\n<meta property=\"article:modified_time\" content=\"2022-08-01T11:43:19+00:00\" \/>\n<meta name=\"twitter:card\" content=\"summary_large_image\" \/>\n<script type=\"application\/ld+json\" class=\"yoast-schema-graph\">{\"@context\":\"https:\/\/schema.org\",\"@graph\":[{\"@type\":\"WebPage\",\"@id\":\"https:\/\/geopannel.com\/en\/about-us\/brands\/\",\"url\":\"https:\/\/geopannel.com\/en\/about-us\/brands\/\",\"name\":\"Geopannel: Fabrica textil en Logro\u00f1o\",\"isPartOf\":{\"@id\":\"https:\/\/geopannel.com\/#website\"},\"datePublished\":\"2021-12-20T16:57:10+00:00\",\"dateModified\":\"2022-08-01T11:43:19+00:00\",\"description\":\"Fabricaci\u00f3n de tejidos, fieltros, aislantes para construcci\u00f3n, automoci\u00f3n, tapicer\u00eda, decoraci\u00f3n calzados y m\u00e1s. Estamos ubicados en Logro\u00f1o - La Rioja.\",\"breadcrumb\":{\"@id\":\"https:\/\/geopannel.com\/en\/about-us\/brands\/#breadcrumb\"},\"inLanguage\":\"en-US\",\"potentialAction\":[{\"@type\":\"ReadAction\",\"target\":[\"https:\/\/geopannel.com\/en\/about-us\/brands\/\"]}]},{\"@type\":\"BreadcrumbList\",\"@id\":\"https:\/\/geopannel.com\/en\/about-us\/brands\/#breadcrumb\",\"itemListElement\":[{\"@type\":\"ListItem\",\"position\":1,\"name\":\"Home\",\"item\":\"https:\/\/geopannel.com\/en\/\"},{\"@type\":\"ListItem\",\"position\":2,\"name\":\"Brands\"}]},{\"@type\":\"WebSite\",\"@id\":\"https:\/\/geopannel.com\/#website\",\"url\":\"https:\/\/geopannel.com\/\",\"name\":\"GeoPannel\",\"description\":\"Empresa ubicada en Logro\u00f1o (La Rioja), Espa\u00f1a, dedicada al desarrollo y fabricaci\u00f3n de tejidos no tejidos y fieltros.\",\"publisher\":{\"@id\":\"https:\/\/geopannel.com\/#organization\"},\"potentialAction\":[{\"@type\":\"SearchAction\",\"target\":{\"@type\":\"EntryPoint\",\"urlTemplate\":\"https:\/\/geopannel.com\/?s={search_term_string}\"},\"query-input\":\"required name=search_term_string\"}],\"inLanguage\":\"en-US\"},{\"@type\":\"Organization\",\"@id\":\"https:\/\/geopannel.com\/#organization\",\"name\":\"GeoPannel\",\"url\":\"https:\/\/geopannel.com\/\",\"logo\":{\"@type\":\"ImageObject\",\"inLanguage\":\"en-US\",\"@id\":\"https:\/\/geopannel.com\/#\/schema\/logo\/image\/\",\"url\":\"https:\/\/geopannel.com\/wp-content\/uploads\/2021\/12\/logo.svg\",\"contentUrl\":\"https:\/\/geopannel.com\/wp-content\/uploads\/2021\/12\/logo.svg\",\"width\":188,\"height\":74,\"caption\":\"GeoPannel\"},\"image\":{\"@id\":\"https:\/\/geopannel.com\/#\/schema\/logo\/image\/\"}}]}<\/script>\n<!-- \/ Yoast SEO plugin. -->","yoast_head_json":{"title":"Geopannel: Fabrica textil en Logro\u00f1o","description":"Fabricaci\u00f3n de tejidos, fieltros, aislantes para construcci\u00f3n, automoci\u00f3n, tapicer\u00eda, decoraci\u00f3n calzados y m\u00e1s. Estamos ubicados en Logro\u00f1o - La Rioja.","robots":{"index":"index","follow":"follow","max-snippet":"max-snippet:-1","max-image-preview":"max-image-preview:large","max-video-preview":"max-video-preview:-1"},"canonical":"https:\/\/geopannel.com\/en\/about-us\/brands\/","og_locale":"en_US","og_type":"article","og_title":"Geopannel: Fabrica textil en Logro\u00f1o","og_description":"Fabricaci\u00f3n de tejidos, fieltros, aislantes para construcci\u00f3n, automoci\u00f3n, tapicer\u00eda, decoraci\u00f3n calzados y m\u00e1s. Estamos ubicados en Logro\u00f1o - La Rioja.","og_url":"https:\/\/geopannel.com\/en\/about-us\/brands\/","og_site_name":"GeoPannel","article_modified_time":"2022-08-01T11:43:19+00:00","twitter_card":"summary_large_image","schema":{"@context":"https:\/\/schema.org","@graph":[{"@type":"WebPage","@id":"https:\/\/geopannel.com\/en\/about-us\/brands\/","url":"https:\/\/geopannel.com\/en\/about-us\/brands\/","name":"Geopannel: Fabrica textil en Logro\u00f1o","isPartOf":{"@id":"https:\/\/geopannel.com\/#website"},"datePublished":"2021-12-20T16:57:10+00:00","dateModified":"2022-08-01T11:43:19+00:00","description":"Fabricaci\u00f3n de tejidos, fieltros, aislantes para construcci\u00f3n, automoci\u00f3n, tapicer\u00eda, decoraci\u00f3n calzados y m\u00e1s. Estamos ubicados en Logro\u00f1o - La Rioja.","breadcrumb":{"@id":"https:\/\/geopannel.com\/en\/about-us\/brands\/#breadcrumb"},"inLanguage":"en-US","potentialAction":[{"@type":"ReadAction","target":["https:\/\/geopannel.com\/en\/about-us\/brands\/"]}]},{"@type":"BreadcrumbList","@id":"https:\/\/geopannel.com\/en\/about-us\/brands\/#breadcrumb","itemListElement":[{"@type":"ListItem","position":1,"name":"Home","item":"https:\/\/geopannel.com\/en\/"},{"@type":"ListItem","position":2,"name":"Brands"}]},{"@type":"WebSite","@id":"https:\/\/geopannel.com\/#website","url":"https:\/\/geopannel.com\/","name":"GeoPannel","description":"Empresa ubicada en Logro\u00f1o (La Rioja), Espa\u00f1a, dedicada al desarrollo y fabricaci\u00f3n de tejidos no tejidos y fieltros.","publisher":{"@id":"https:\/\/geopannel.com\/#organization"},"potentialAction":[{"@type":"SearchAction","target":{"@type":"EntryPoint","urlTemplate":"https:\/\/geopannel.com\/?s={search_term_string}"},"query-input":"required name=search_term_string"}],"inLanguage":"en-US"},{"@type":"Organization","@id":"https:\/\/geopannel.com\/#organization","name":"GeoPannel","url":"https:\/\/geopannel.com\/","logo":{"@type":"ImageObject","inLanguage":"en-US","@id":"https:\/\/geopannel.com\/#\/schema\/logo\/image\/","url":"https:\/\/geopannel.com\/wp-content\/uploads\/2021\/12\/logo.svg","contentUrl":"https:\/\/geopannel.com\/wp-content\/uploads\/2021\/12\/logo.svg","width":188,"height":74,"caption":"GeoPannel"},"image":{"@id":"https:\/\/geopannel.com\/#\/schema\/logo\/image\/"}}]}},"_links":{"self":[{"href":"https:\/\/geopannel.com\/en\/wp-json\/wp\/v2\/pages\/2005"}],"collection":[{"href":"https:\/\/geopannel.com\/en\/wp-json\/wp\/v2\/pages"}],"about":[{"href":"https:\/\/geopannel.com\/en\/wp-json\/wp\/v2\/types\/page"}],"author":[{"embeddable":true,"href":"https:\/\/geopannel.com\/en\/wp-json\/wp\/v2\/users\/1"}],"replies":[{"embeddable":true,"href":"https:\/\/geopannel.com\/en\/wp-json\/wp\/v2\/comments?post=2005"}],"version-history":[{"count":7,"href":"https:\/\/geopannel.com\/en\/wp-json\/wp\/v2\/pages\/2005\/revisions"}],"predecessor-version":[{"id":2138,"href":"https:\/\/geopannel.com\/en\/wp-json\/wp\/v2\/pages\/2005\/revisions\/2138"}],"wp:attachment":[{"href":"https:\/\/geopannel.com\/en\/wp-json\/wp\/v2\/media?parent=2005"}],"curies":[{"name":"wp","href":"https:\/\/api.w.org\/{rel}","templated":true}]}}